{"id":97,"date":"2026-02-06T13:03:06","date_gmt":"2026-02-06T13:03:06","guid":{"rendered":"https:\/\/hns.fi\/?page_id=97"},"modified":"2026-04-11T07:59:45","modified_gmt":"2026-04-11T07:59:45","slug":"hnsn-jasenyys","status":"publish","type":"page","link":"https:\/\/hns.fi\/?page_id=97","title":{"rendered":"HNS:n j\u00e4senyys"},"content":{"rendered":"\n<h4 class=\"wp-block-heading\">Tietoa j\u00e4senyydest\u00e4 Helsingin Navigaatioseurassa<\/h4>\n\n\n\n<p>Kuulumalla seuraamme olet oikeutettu laivurinimen k\u00e4ytt\u00f6\u00f6n, koska HNS on yksi Suomen Navigaatioliiton j\u00e4senseuroista. Helsingin Navigaatioseuraan voit liitty\u00e4, mik\u00e4li olet suorittanut v\u00e4hint\u00e4\u00e4n saaristolaivurin tutkinnon hyv\u00e4ksytysti tai osoitettuna vastaavat tiedot muualta hankittuina.<\/p>\n\n\n\n<p>Helsingin Navigaatioseuran j\u00e4senkausi on sama kuin kalenterivuosi. J\u00e4sen vahvistaa j\u00e4senyytens\u00e4 maksamalla kuluvan vuoden j\u00e4senmaksulaskunsa, jolloin j\u00e4senyys on voimassa vuoden loppuun asti. Jos j\u00e4senmaksulaskutuksen yhteydess\u00e4 ilmoittaa haluavansa erota, j\u00e4senmaksulasku hyvitet\u00e4\u00e4n ja j\u00e4senyys katsotaan p\u00e4\u00e4ttyneeksi edellisess\u00e4 vuodenvaihteessa.<\/p>\n\n\n\n<p>J\u00e4senen vuosimaksu on 60,00 \u20ac (perhej\u00e4sen 20,00 \u20ac). Seuraan liitytt\u00e4ess\u00e4 ei perit\u00e4 erillist\u00e4 liittymismaksua. Seuramme j\u00e4senen\u00e4 saat j\u00e4sentiedotteita sek\u00e4 julkaisemiamme Laivuri-lehti\u00e4.<\/p>\n\n\n\n<div class=\"wp-block-columns is-layout-flex wp-container-core-columns-is-layout-a5331a9e wp-block-columns-is-layout-flex\" style=\"padding-top:0;padding-right:0;padding-bottom:0;padding-left:0\">\n<div class=\"wp-block-column is-layout-flow wp-container-core-column-is-layout-470e7e12 wp-block-column-is-layout-flow\" style=\"padding-top:0;padding-right:0;padding-bottom:0;padding-left:0;flex-basis:66.66%\">\n<p>J\u00e4senen\u00e4&nbsp;on mahdollisuus osallistua vain j\u00e4senist\u00f6lle tarkoitettuun kurssi- ja muuhun toimintaan sek\u00e4 toimia aktiivisesti seuran eri toimikunnissa, joita ovat mm. veneenhoito-, laivuri-, koulutus-, Kotiluoto-, matkavene-, katsastus-, tiedotus-, toimisto- ja taloustoimikunnat.<\/p>\n\n\n\n<p>Saaritukikohtamme k\u00e4ytt\u00f6oikeus sis\u00e4ltyy vuosimaksuun lukuun ottamatta saaritukikohdan saunaa, josta perit\u00e4\u00e4n erillinen saunamaksu. Saaritukikohdassa vieraillessa j\u00e4senyyden merkiksi&nbsp;veneess\u00e4 pit\u00e4\u00e4 olla n\u00e4kyvill\u00e4 HNS:n per\u00e4lippu tai viiri&nbsp;(viiri ja per\u00e4lippu ostettavissa verkkokaupan kautta).<\/p>\n\n\n\n<p>J\u00e4senrekisteri\u00e4 yll\u00e4pidet\u00e4\u00e4n Seuran MyClub j\u00e4rjestelm\u00e4ss\u00e4. Liitty\u00e4ksesi j\u00e4seneksi tai muokataksesi j\u00e4sentietojasi, siirry MyClub:iin sivun linkkien kautta.<\/p>\n<\/div>\n\n\n\n<div class=\"wp-block-column is-vertically-aligned-center is-layout-flow wp-block-column-is-layout-flow\" style=\"flex-basis:33.33%\">\n<figure class=\"wp-block-image aligncenter size-large is-resized\"><img loading=\"lazy\" decoding=\"async\" width=\"1024\" height=\"621\" src=\"https:\/\/hns.fi\/wp-content\/uploads\/2026\/02\/HNS_viiri-1024x621.png\" alt=\"\" class=\"wp-image-122\" style=\"aspect-ratio:1.477985027280802;width:320px;height:auto\" srcset=\"https:\/\/hns.fi\/wp-content\/uploads\/2026\/02\/HNS_viiri-1024x621.png 1024w, https:\/\/hns.fi\/wp-content\/uploads\/2026\/02\/HNS_viiri-300x182.png 300w, https:\/\/hns.fi\/wp-content\/uploads\/2026\/02\/HNS_viiri-768x465.png 768w, https:\/\/hns.fi\/wp-content\/uploads\/2026\/02\/HNS_viiri-1536x931.png 1536w, https:\/\/hns.fi\/wp-content\/uploads\/2026\/02\/HNS_viiri-2048x1241.png 2048w\" sizes=\"auto, (max-width: 1024px) 100vw, 1024px\" \/><\/figure>\n<\/div>\n<\/div>\n\n\n\n<p><\/p>\n\n\n\n<h4 class=\"wp-block-heading\">J\u00e4senhakemus<\/h4>\n\n\n\n<p>Helsingin Navigaatioseuran vuosittainen j\u00e4senmaksu sis\u00e4lt\u00e4\u00e4 seuran palvelut sek\u00e4 Suomen Navigaatioliiton j\u00e4senyysmaksun (ei koske perhej\u00e4seni\u00e4). Muut mahdolliset k\u00e4ytt\u00f6- ja seuramaksut (kuten SPV) laskutetaan erikseen, mik\u00e4li j\u00e4sen liittyy ko. palvelujen k\u00e4ytt\u00e4j\u00e4ksi.<\/p>\n\n\n\n<p>ID:n luonnin yhteydess\u00e4 annetaan tarvittavat henkil\u00f6tiedot ja loppuosiossa kysyt\u00e4\u00e4n viimeisimm\u00e4n laivuritutkinnon tietoja. T\u00e4m\u00e4n loppuosion tiedot tarvitaan j\u00e4senyysvaatimuksen tietojen tarkistusta varten. T\u00e4yt\u00e4 ne niin hyvin kuin osaat, niin helpotat ja nopeutat hakemuksesi k\u00e4sittely\u00e4. Hakemuksen tehty\u00e4si saat siit\u00e4 vahvistuksen antamaasi s\u00e4hk\u00f6postiin. J\u00e4senyysvaatimuksena on v\u00e4hint\u00e4\u00e4n hyv\u00e4ksytty saaristolaivuritutkinto.<\/p>\n\n\n\n<p>Jos antamasi tutkintotiedot l\u00f6ytyv\u00e4t Helsingin Navigaatioseuran arkistosta, voimme perustaa j\u00e4senyytesi heti. Muussa tapauksessa pyyd\u00e4mme Suomen Navigaatioliitosta antamiesi tietojen vahvistusta. Vahvistuksen saatuamme j\u00e4senyytesi perustetaan.<\/p>\n\n\n\n<p>Kun j\u00e4senyytesi Helsingin Navigaatioseuraan on perustettu, saat s\u00e4hk\u00f6postiisi j\u00e4senmaksulaskun. J\u00e4senmaksulaskusi maksettuasi j\u00e4senyytesi astuu virallisesti voimaan ja saat kaikki j\u00e4senetumme k\u00e4ytt\u00f6\u00f6si. Aiempi myClub-j\u00e4sennumerosi (oikeammin myClub-asiakasnumerosi, 30n nnn), muuttuu HNS-j\u00e4sennumeroksi (1n nnn). Kaikki yhteystietosi ovat jo valmiiksi j\u00e4rjestelm\u00e4ss\u00e4 ja my\u00f6s sinun itse yll\u00e4pidett\u00e4viss\u00e4.<\/p>\n\n\n\n<p>Kaikki j\u00e4sentuotteiden myynti sek\u00e4 vuotuinen j\u00e4senmaksulaskutus (tammikuulla) tapahtuu s\u00e4hk\u00f6postitse l\u00e4hetett\u00e4vill\u00e4 laskuilla. T\u00e4m\u00e4n vuoksi on ensiarvoisen t\u00e4rke\u00e4\u00e4, ett\u00e4 pid\u00e4t yhteystietosi aina ajan tasalla. Voit tarkistaa ja tarvittaessa muokata j\u00e4sentietojasi sivulla olevasta linkist\u00e4.<\/p>\n\n\n\n<p><\/p>\n","protected":false},"excerpt":{"rendered":"<p>Tietoa j\u00e4senyydest\u00e4 Helsingin Navigaatioseurassa Kuulumalla seuraamme olet oikeutettu laivurinimen k\u00e4ytt\u00f6\u00f6n, koska HNS on yksi Suomen Navigaatioliiton j\u00e4senseuroista. Helsingin Navigaatioseuraan voit [&hellip;]<\/p>\n","protected":false},"author":1,"featured_media":0,"parent":0,"menu_order":0,"comment_status":"closed","ping_status":"closed","template":"","meta":{"site-sidebar-layout":"left-sidebar","site-content-layout":"","ast-site-content-layout":"normal-width-container","site-content-style":"default","site-sidebar-style":"default","ast-global-header-display":"","ast-banner-title-visibility":"","ast-main-header-display":"","ast-hfb-above-header-display":"","ast-hfb-below-header-display":"","ast-hfb-mobile-header-display":"","site-post-title":"","ast-breadcrumbs-content":"","ast-featured-img":"","footer-sml-layout":"","ast-disable-related-posts":"","theme-transparent-header-meta":"","adv-header-id-meta":"","stick-header-meta":"","header-above-stick-meta":"","header-main-stick-meta":"","header-below-stick-meta":"","astra-migrate-meta-layouts":"default","ast-page-background-enabled":"default","ast-page-background-meta":{"desktop":{"background-color":"var(--ast-global-color-5)","background-image":"","background-repeat":"repeat","background-position":"center center","background-size":"auto","background-attachment":"scroll","background-type":"","background-media":"","overlay-type":"","overlay-color":"","overlay-opacity":"","overlay-gradient":""},"tablet":{"background-color":"","background-image":"","background-repeat":"repeat","background-position":"center center","background-size":"auto","background-attachment":"scroll","background-type":"","background-media":"","overlay-type":"","overlay-color":"","overlay-opacity":"","overlay-gradient":""},"mobile":{"background-color":"","background-image":"","background-repeat":"repeat","background-position":"center center","background-size":"auto","background-attachment":"scroll","background-type":"","background-media":"","overlay-type":"","overlay-color":"","overlay-opacity":"","overlay-gradient":""}},"ast-content-background-meta":{"desktop":{"background-color":"var(--ast-global-color-4)","background-image":"","background-repeat":"repeat","background-position":"center center","background-size":"auto","background-attachment":"scroll","background-type":"","background-media":"","overlay-type":"","overlay-color":"","overlay-opacity":"","overlay-gradient":""},"tablet":{"background-color":"var(--ast-global-color-4)","background-image":"","background-repeat":"repeat","background-position":"center center","background-size":"auto","background-attachment":"scroll","background-type":"","background-media":"","overlay-type":"","overlay-color":"","overlay-opacity":"","overlay-gradient":""},"mobile":{"background-color":"var(--ast-global-color-4)","background-image":"","background-repeat":"repeat","background-position":"center center","background-size":"auto","background-attachment":"scroll","background-type":"","background-media":"","overlay-type":"","overlay-color":"","overlay-opacity":"","overlay-gradient":""}},"footnotes":""},"class_list":["post-97","page","type-page","status-publish","hentry"],"_links":{"self":[{"href":"https:\/\/hns.fi\/index.php?rest_route=\/wp\/v2\/pages\/97","targetHints":{"allow":["GET"]}}],"collection":[{"href":"https:\/\/hns.fi\/index.php?rest_route=\/wp\/v2\/pages"}],"about":[{"href":"https:\/\/hns.fi\/index.php?rest_route=\/wp\/v2\/types\/page"}],"author":[{"embeddable":true,"href":"https:\/\/hns.fi\/index.php?rest_route=\/wp\/v2\/users\/1"}],"replies":[{"embeddable":true,"href":"https:\/\/hns.fi\/index.php?rest_route=%2Fwp%2Fv2%2Fcomments&post=97"}],"version-history":[{"count":4,"href":"https:\/\/hns.fi\/index.php?rest_route=\/wp\/v2\/pages\/97\/revisions"}],"predecessor-version":[{"id":533,"href":"https:\/\/hns.fi\/index.php?rest_route=\/wp\/v2\/pages\/97\/revisions\/533"}],"wp:attachment":[{"href":"https:\/\/hns.fi\/index.php?rest_route=%2Fwp%2Fv2%2Fmedia&parent=97"}],"curies":[{"name":"wp","href":"https:\/\/api.w.org\/{rel}","templated":true}]}}