{"id":54,"date":"2026-02-05T11:38:27","date_gmt":"2026-02-05T11:38:27","guid":{"rendered":"https:\/\/hns.fi\/?page_id=54"},"modified":"2026-02-05T12:36:19","modified_gmt":"2026-02-05T12:36:19","slug":"hnsn-saannot","status":"publish","type":"page","link":"https:\/\/hns.fi\/?page_id=54","title":{"rendered":"HNS:n s\u00e4\u00e4nn\u00f6t"},"content":{"rendered":"\n<p>Voimassaolevat s\u00e4\u00e4nn\u00f6t: 09.06.2022 10:32:56<\/p>\n\n\n\n<ol class=\"wp-block-list\">\n<li>YHDISTYKSEN NIMI JA KOTIPAIKKA<br>Yhdistyksen nimi on Helsingin Navigaatioseura ry ja kotipaikka Helsingin kaupunki.<\/li>\n<\/ol>\n\n\n\n<ol start=\"2\" class=\"wp-block-list\">\n<li>TARKOITUS JA TOIMINNAN LAATU<br>Seuran tarkoituksena on luoda ja edist\u00e4\u00e4 merenkulun turvallista harrastusta, kehitt\u00e4\u00e4 ja yll\u00e4pit\u00e4\u00e4 j\u00e4sentens\u00e4 merenkulun tietoutta, hyv\u00e4\u00e4 merimiestaitoa ja -tapaa sek\u00e4 toimia yhdyssiteen\u00e4 sidosryhmien v\u00e4lill\u00e4. Seura voi kuulua j\u00e4senen\u00e4 Suomen Navigaatioliittoon tai muihin alan keskusj\u00e4rjest\u00f6ihin, veneilyalan aatteellisiin yhdistyksiin tai erota niist\u00e4 hallituksen p\u00e4\u00e4t\u00f6ksell\u00e4. Seura ja sen j\u00e4senet antavat mahdollisuuksiensa mukaan vapaaehtoista apua meripelastustoimintaan.<\/li>\n<\/ol>\n\n\n\n<p>Tarkoituksensa toteuttamiseksi seura voi<\/p>\n\n\n\n<ul class=\"wp-block-list\">\n<li>j\u00e4rjest\u00e4\u00e4 yleisi\u00e4 veneily- ja laivurikursseja sek\u00e4 muuta veneily- ja navigaatio-opetusta<\/li>\n\n\n\n<li>j\u00e4rjest\u00e4\u00e4 j\u00e4senilleen jatkokoulutustilaisuuksia sek\u00e4 k\u00e4yt\u00e4nn\u00f6n kursseja ja harjoituksia<\/li>\n\n\n\n<li>harjoittaa j\u00e4sentens\u00e4 veneiden katsastustoimintaa alan keskusj\u00e4rjest\u00f6jen antamien ohjeiden puitteissa<\/li>\n\n\n\n<li>harjoittaa valistavaa tiedotus- ja julkaisutoimintaa j\u00e4rjest\u00e4\u00e4 k\u00e4yt\u00e4nn\u00f6nl\u00e4heist\u00e4 veneilykoulutusta vapaa-ajan veneilij\u00f6ille<\/li>\n\n\n\n<li>j\u00e4rjest\u00e4\u00e4 tarvittaessa viranomaisten lupahakemusten edellytt\u00e4mi\u00e4 koulutuksia ja tutkintoja sek\u00e4 antaa niihin liittyvi\u00e4 lausuntoja viranomaisten hakemusten liitteeksi<\/li>\n<\/ul>\n\n\n\n<p>Toimintansa tukemiseksi seura voi<\/p>\n\n\n\n<ul class=\"wp-block-list\">\n<li>tarjota veneily- ja merenkulkuaiheisia kursseja<\/li>\n\n\n\n<li>omistaa toimintaansa varten tarpeellista kiinte\u00e4\u00e4 ja irtainta omaisuutta<\/li>\n\n\n\n<li>hallita ja tarjota j\u00e4sentens\u00e4 k\u00e4ytt\u00f6\u00f6n retkitukikohtia palveluineen<\/li>\n\n\n\n<li>j\u00e4rjest\u00e4\u00e4 arpajaisia, rahanker\u00e4yksi\u00e4, myyj\u00e4isi\u00e4 ja huvitilaisuuksia<\/li>\n\n\n\n<li>ottaa vastaan avustuksia, lahjoituksia ja testamentteja<\/li>\n\n\n\n<li>tarjota merenkulkuaiheisia kursseja<\/li>\n\n\n\n<li>harjoittaa kioski- ja kahvilaliiketoimintaa<\/li>\n\n\n\n<li>harjoittaa seuran toimintaa liittyv\u00e4\u00e4 pienimuotoista merkki-, tarvike- ja opetusmateriaalimyynti\u00e4<\/li>\n\n\n\n<li>vuokrata koulutusk\u00e4ytt\u00f6\u00f6n hankittuja veneit\u00e4 Seuran tarkoituksena ei ole voiton tai muun v\u00e4litt\u00f6m\u00e4n taloudellisen edun hankkiminen.<\/li>\n<\/ul>\n\n\n\n<ol start=\"3\" class=\"wp-block-list\">\n<li>SEURAN TUNNUS JA VENELUETTELO<br>Seuran virallinen tunnus on vahvistettu veneily-yhdistyksen lippu. Seuran veneluetteloon merkit\u00e4\u00e4n niiden j\u00e4senten veneet, jotka seura on katsastuksissaan hyv\u00e4ksynyt. Hyv\u00e4ksytyst\u00e4 katsastuksesta annetaan veneen omistajalle tai haltijalle todistus, joka oikeuttaa seuran lipun k\u00e4ytt\u00e4miseen.<\/li>\n<\/ol>\n\n\n\n<ol start=\"4\" class=\"wp-block-list\">\n<li>J\u00c4SENET<br>Seuran j\u00e4senet ovat varsinaisia j\u00e4seni\u00e4, ainaisj\u00e4seni\u00e4, kunniakommodori, kunniaj\u00e4seni\u00e4, perhej\u00e4seni\u00e4 ja kannatusj\u00e4seni\u00e4. Seuran varsinaiseksi j\u00e4seneksi voidaan hyv\u00e4ksy\u00e4 henkil\u00f6, jonka katsotaan omaavan v\u00e4hint\u00e4\u00e4n hakuhetkell\u00e4 vallitsevat j\u00e4senyysvaatimukset ja joka hyv\u00e4ksyy seuran tarkoituksen ja s\u00e4\u00e4nn\u00f6t. Ainaisj\u00e4sen on varsinainen j\u00e4sen, joka oli suorittanut 30 vuoden j\u00e4senmaksun 31.12.2009 menness\u00e4. Kunniakommodoriksi tai kunniaj\u00e4seneksi voidaan hallituksen esityksest\u00e4 seuran kokouksessa kutsua henkil\u00f6, joka on huomattavasti edist\u00e4nyt seuran tarkoitusperi\u00e4 tai muulla tavoin ansioitunut toimimalla seuran hyv\u00e4ksi. P\u00e4\u00e4t\u00f6s kunniakommodoriksi tai kunniaj\u00e4seneksi kutsumisesta on teht\u00e4v\u00e4 seuran kokouksessa v\u00e4hint\u00e4\u00e4n kolme nelj\u00e4sosan (3\/4) enemmist\u00f6ll\u00e4 annetuista \u00e4\u00e4nist\u00e4. Perhej\u00e4seneksi voidaan hyv\u00e4ksy\u00e4 henkil\u00f6, joka kuuluu sellaiseen perheeseen, jossa on v\u00e4hint\u00e4\u00e4n yksi (1) varsinainen-, ainais- tai kunniaj\u00e4sen. Kannatusj\u00e4seneksi voidaan hyv\u00e4ksy\u00e4 yksityinen henkil\u00f6 tai oikeuskelpoinen yhteis\u00f6, joka haluaa tukea ja kannattaa seuran toimintaa. Perhe- ja kannatusj\u00e4sen ei ole vaalikelpoinen seuran hallitukseen eik\u00e4 nauti Suomen Navigaatioliitto ry:n j\u00e4senyhdistyksilleen my\u00f6nt\u00e4mi\u00e4 j\u00e4senetuja. Varsinaisen-, perhe- ja kannatusj\u00e4senet hyv\u00e4ksyy hakemuksesta seuran hallitus. Ainaisj\u00e4senille voidaan tehd\u00e4 vuosittainen kysely, jolla kartoitetaan ainaisj\u00e4senten halua pysy\u00e4 seuran postituslistalla. J\u00e4senrekisteriin merkit\u00e4\u00e4n j\u00e4senen nimi ja kotipaikka sek\u00e4 toiminnan vaatimat osoite- ja yhteydenpitotiedot. J\u00e4senyytens\u00e4 s\u00e4ilytt\u00e4\u00e4kseen j\u00e4sen on velvollinen ilmoittamaan nimeens\u00e4 ja osoite- ja yhteydenpitotietoihin kohdistuvista muutoksista.<\/li>\n<\/ol>\n\n\n\n<ol start=\"5\" class=\"wp-block-list\">\n<li>J\u00c4SENEN EROAMINEN JA EROTTAMINEN<br>J\u00e4senell\u00e4 on oikeus erota seurasta ilmoittamalla siit\u00e4 kirjallisesti hallitukselle tai sen kommodorille taikka ilmoittamalla erosta seuran kokouksessa merkitt\u00e4v\u00e4ksi p\u00f6yt\u00e4kirjaan. J\u00e4sen on velvollinen maksamaan j\u00e4senmaksun eroamisvuodeltaan. Mik\u00e4li j\u00e4sen j\u00e4tt\u00e4\u00e4 nykyisen j\u00e4senyyskauden j\u00e4senmaksunsa maksamatta maksuajan ja yhden huomautuksen j\u00e4lkeen katsotaan h\u00e4nen eronneen edellisen j\u00e4senyyskauden lopussa. Hallitus voi antaa j\u00e4senelle kirjallisen varoituksen, erottaa j\u00e4senen m\u00e4\u00e4r\u00e4aikaisesti tai erottaa j\u00e4senen seurasta pysyv\u00e4sti, jos j\u00e4sen on j\u00e4tt\u00e4nyt t\u00e4ytt\u00e4m\u00e4tt\u00e4 ne velvoitteet, joihin h\u00e4n on seuraan liittym\u00e4ll\u00e4 sitoutunut tai on<br>menettelyll\u00e4\u00e4n seurassa tai sen ulkopuolella vahingoittanut seuraa tai ei en\u00e4\u00e4 t\u00e4yt\u00e4 lailla taikka seuran s\u00e4\u00e4nn\u00f6iss\u00e4 mainittuja j\u00e4senyyden ehtoja tai j\u00e4sen omalla k\u00e4ytt\u00e4ytymisell\u00e4\u00e4n vaarantaa hyv\u00e4n yhteishengen ja yhdistyksen arvostuksen s\u00e4ilymisen. Varoitus tai erottamisp\u00e4\u00e4t\u00f6s on ilmoitettava erotetulle kahden viikon<br>kuluessa kirjallisesti kirjatulla kirjeell\u00e4 tai muulla luotettavasti todistetulla toimitustavalla. Varoitus- tai erottamisp\u00e4\u00e4t\u00f6ksen saaneella on oikeus tulla kuulluksi hallituksen kokouksessa. J\u00e4sen on velvollinen maksamaan j\u00e4senmaksun my\u00f6s silt\u00e4 vuodelta, jonka aikana h\u00e4net on erotettu.<\/li>\n<\/ol>\n\n\n\n<ol start=\"6\" class=\"wp-block-list\">\n<li>LIITTYMIS- JA J\u00c4SENMAKSU<br><br>Varsinaisilta j\u00e4senilt\u00e4 ja perhej\u00e4senilt\u00e4 peritt\u00e4v\u00e4n liittymismaksun ja vuotuisen j\u00e4senmaksun, kannatusj\u00e4senilt\u00e4 peritt\u00e4v\u00e4n vuotuisen v\u00e4himm\u00e4ismaksun suuruudesta sek\u00e4 maksujen m\u00e4\u00e4r\u00e4ajasta erikseen kullekin j\u00e4senryhm\u00e4lle p\u00e4\u00e4tt\u00e4\u00e4 syyskokous. Perhej\u00e4senen liittymismaksu ja j\u00e4senmaksu eiv\u00e4t saa ylitt\u00e4\u00e4 puolta varsinaisen j\u00e4senen vastaavista maksuista. J\u00e4senyyden syntyminen edellytt\u00e4\u00e4, ett\u00e4 mahdollinen liittymismaksu sek\u00e4 valintavuoden j\u00e4senmaksu on maksettu m\u00e4\u00e4r\u00e4ajassa, ellei j\u00e4senyytt\u00e4 synny muuta kautta, esimerkiksi hyv\u00e4ksytty laivuritutkinto. Kunniakommodorilla, kunniaj\u00e4senell\u00e4 ja ainaisj\u00e4senell\u00e4 ei ole j\u00e4senmaksuvelvollisuutta. Hallitus voi hakemuksesta vapauttaa j\u00e4senen j\u00e4senmaksusta vuodeksi kerrallaan asepalvelun, opiskelun, sairauden tai muun vastaavan syyn perusteella.<\/li>\n<\/ol>\n\n\n\n<ol start=\"7\" class=\"wp-block-list\">\n<li>SEURAN HALLINTO JA TOIMIELIMET<br>Seuran toimintaa johtaa kommodori ja sen asioita hoitaa hallitus, johon kuuluu syyskokouksessa valitut puheenjohtajana toimiva kommodori, varapuheenjohtajana toimiva varakommodori sek\u00e4 kahdeksan (8) muuta j\u00e4sent\u00e4. Kommodorin, varakommodorin ja hallituksen kahdeksan (8) j\u00e4senen tulee olla seuran j\u00e4seni\u00e4.  kommodori ja varakommodori valitaan vuodeksi kerrallaan ja hallituksen muut j\u00e4senet kahdeksi vuodeksi siten, ett\u00e4 puolet heist\u00e4 on vuosittain eroamisvuorossa. Hallituksen j\u00e4senten toimikausi alkaa vaalin j\u00e4lkeisen kalenterivuoden alusta. Hallitus valitsee tai ottaa keskuudestaan tai ulkopuoleltaan sihteerin ja taloudenhoitajan ja muut tarvittavat toimihenkil\u00f6t. Hallitus voi asettaa alaisuuteensa toimikuntia tai muita toimielimi\u00e4 seuran toiminnan eri alueiden<br>edist\u00e4mist\u00e4 varten. Hallitus kokoontuu kommodorin tai h\u00e4nen estyneen\u00e4 ollessaan varakommodorin kutsusta, kun he katsovat siihen olevan aihetta tai kun v\u00e4hint\u00e4\u00e4n puolet hallituksen j\u00e4senist\u00e4 sit\u00e4 vaatii. Hallitus on p\u00e4\u00e4t\u00f6svaltainen kommodorin tai varakommodorin ja v\u00e4hint\u00e4\u00e4n puolten hallitusj\u00e4senten l\u00e4sn\u00e4 ollessa. Asiat ratkaistaan yksinkertaisella enemmist\u00f6ll\u00e4. \u00c4\u00e4nten menness\u00e4 tasan ratkaisee puheenjohtajan mielipide, vaaleissa kuitenkin arpa.<\/li>\n<\/ol>\n\n\n\n<ol start=\"8\" class=\"wp-block-list\">\n<li>SEURAN NIMEN KIRJOITTAMINEN<br>Seuran nimen kirjoittavat kommodori tai varakommodori jompikumpi yhdess\u00e4 sihteerin, taloudenhoitajan tai hallituksen j\u00e4senen kanssa.<\/li>\n<\/ol>\n\n\n\n<ol start=\"9\" class=\"wp-block-list\">\n<li>TILIKAUSI JA TILINTARKASTUS<br>Seuran tilikausi on kalenterivuosi. Tilinp\u00e4\u00e4t\u00f6s tarvittavine asiakirjoineen ja hallituksen toimintakertomus on annettava tilintarkastajalle viimeist\u00e4\u00e4n kuukausi ennen kev\u00e4tkokousta. Tilintarkastajan tulee antaa lausuntonsa hallitukselle viimeist\u00e4\u00e4n kaksi viikkoa ennen kev\u00e4tkokousta.<\/li>\n<\/ol>\n\n\n\n<ol start=\"10\" class=\"wp-block-list\">\n<li>SEURAN KOKOUKSET<br>Varsinaisia seuran kokouksia pidet\u00e4\u00e4n vuosittain kaksi, seuran kev\u00e4tkokous maalis-huhtikuussa ja syyskokous loka-marraskuussa hallituksen m\u00e4\u00e4r\u00e4\u00e4min\u00e4 p\u00e4ivin\u00e4. Ylim\u00e4\u00e4r\u00e4inen kokous pidet\u00e4\u00e4n, kun seuran kokous niin p\u00e4\u00e4tt\u00e4\u00e4 tai kun hallitus katsoo siihen olevan aihetta tai kun v\u00e4hint\u00e4\u00e4n yksi kymmenesosa (1\/10) seuran<br>\u00e4\u00e4nioikeutetuista j\u00e4senist\u00e4 sit\u00e4 hallitukselta erityisesti ilmoitettua asiaa varten kirjallisesti vaatii. Kokous on pidett\u00e4v\u00e4 30 p\u00e4iv\u00e4n kuluessa vaatimuksen esitt\u00e4misest\u00e4. Seuran kokouksissa on jokaisella varsinaisella-, ainais-, kunniaj\u00e4senell\u00e4 ja kunniakommodorilla \u00e4\u00e4nioikeus ja jokaisella \u00e4\u00e4nioikeutetulla yksi<br>(1) \u00e4\u00e4ni. \u00c4\u00e4nioikeus on vain niill\u00e4 edell\u00e4 mainituilla j\u00e4senill\u00e4, jotka ovat maksaneet er\u00e4\u00e4ntyneet j\u00e4senmaksut. Seuran kokouksissa ei voi \u00e4\u00e4nest\u00e4\u00e4 valtakirjalla. Et\u00e4osallistuminen on mahdollista, mik\u00e4li t\u00e4m\u00e4 mainitaan erikseen kokouskutsussa. Perhej\u00e4senill\u00e4 ja kannatusj\u00e4senill\u00e4 on kokouksissa l\u00e4sn\u00e4olo- ja puheoikeus, mutta ei \u00e4\u00e4nioikeutta. P\u00e4\u00e4t\u00f6kset tehd\u00e4\u00e4n, ellei n\u00e4iss\u00e4 s\u00e4\u00e4nn\u00f6iss\u00e4 toisin m\u00e4\u00e4r\u00e4t\u00e4, yksinkertaisella \u00e4\u00e4nten enemmist\u00f6ll\u00e4. \u00c4\u00e4nten menness\u00e4 tasan ratkaisee kokouksen puheenjohtajan \u00e4\u00e4ni, vaaleissa kuitenkin arpa.<\/li>\n<\/ol>\n\n\n\n<ol start=\"11\" class=\"wp-block-list\">\n<li>SEURAN KOKOUSTEN KOOLLEKUTSUMINEN<br>Seuran kokoukset kutsuu koolle hallitus viimeist\u00e4\u00e4n kahta viikkoa ennen kokousta j\u00e4senille heid\u00e4n j\u00e4senluetteloon ilmoitetulle yhteystiedoille s\u00e4hk\u00f6postilla tai muulla siihen verrattavalla s\u00e4hk\u00f6isell\u00e4 kutsumistavalla tai postitetuilla kirjeill\u00e4 tai julkaisemalla kutsu seuran j\u00e4senlehdess\u00e4.<\/li>\n<\/ol>\n\n\n\n<ol start=\"12\" class=\"wp-block-list\">\n<li>VARSINAISET KOKOUKSET<br>Seuran kev\u00e4tkokouksessa, jota kutsutaan tilinp\u00e4\u00e4t\u00f6skokoukseksi, k\u00e4sitell\u00e4\u00e4n seuraavat asiat:\n<ol class=\"wp-block-list\">\n<li>kokouksen avaus;<\/li>\n\n\n\n<li>valitaan kokouksen puheenjohtaja, sihteeri ja kaksi (2) p\u00f6yt\u00e4kirjantarkastajaa, jotka tarvittaessa toimivat \u00e4\u00e4ntenlaskijoina;<\/li>\n\n\n\n<li>todetaan kokouksen laillisuus ja p\u00e4\u00e4t\u00f6svaltaisuus;<\/li>\n\n\n\n<li>hyv\u00e4ksyt\u00e4\u00e4n kokouksen ty\u00f6j\u00e4rjestys;<\/li>\n\n\n\n<li>esitet\u00e4\u00e4n hallituksen toimintakertomus, tilinp\u00e4\u00e4t\u00f6s ja tilintarkastajien lausunto;<\/li>\n\n\n\n<li>p\u00e4\u00e4tet\u00e4\u00e4n tilinp\u00e4\u00e4t\u00f6ksen vahvistamisesta ja vastuuvapauden my\u00f6nt\u00e4misest\u00e4 hallituksella ja muille vastuuvelvollisille;<\/li>\n\n\n\n<li>p\u00e4\u00e4tet\u00e4\u00e4n hallituksen j\u00e4senten ja toimihenkil\u00f6iden palkkiosta;<\/li>\n\n\n\n<li>k\u00e4sitell\u00e4\u00e4n ja vahvistetaan seuran ja toimikuntien toimintasuunnitelmat, tulo- ja menoarviot;<\/li>\n\n\n\n<li>k\u00e4sitell\u00e4\u00e4n muut kokouskutsussa mainitut asiat;<\/li>\n\n\n\n<li>k\u00e4sitell\u00e4\u00e4n muut ilmoitusasiat;<\/li>\n<\/ol>\n<\/li>\n<\/ol>\n\n\n\n<p>Seuran syyskokouksessa, jota kutsutaan vaalikokoukseksi, k\u00e4sitell\u00e4\u00e4n<br>seuraavat asiat:<\/p>\n\n\n\n<ol class=\"wp-block-list\">\n<li>kokouksen avaus;<\/li>\n\n\n\n<li>valitaan kokouksen puheenjohtaja, sihteeri ja kaksi (2) p\u00f6yt\u00e4kirjantarkastajaa, jotka tarvittaessa toimivat \u00e4\u00e4ntenlaskijoina;<\/li>\n\n\n\n<li>todetaan kokouksen laillisuus ja p\u00e4\u00e4t\u00f6svaltaisuus;<\/li>\n\n\n\n<li>hyv\u00e4ksyt\u00e4\u00e4n kokouksen ty\u00f6j\u00e4rjestys;<\/li>\n\n\n\n<li>valitaan seuran kommodori ja varakommodori;<\/li>\n\n\n\n<li>valitaan hallituksen muut j\u00e4senet erovuorossa olevien ja eroavien tilalle;<\/li>\n\n\n\n<li>valitaan tilintarkastaja ja h\u00e4nelle varatilintarkastaja;<\/li>\n\n\n\n<li>esitet\u00e4\u00e4n toimikuntien katsaukset;<\/li>\n\n\n\n<li>k\u00e4sitell\u00e4\u00e4n ja vahvistetaan seuran liittymis- ja j\u00e4senmaksujen suuruus;<\/li>\n\n\n\n<li>k\u00e4sitell\u00e4\u00e4n alustavasti j\u00e4senten mahdollisesti tekem\u00e4t, seuran toimintaan liittyv\u00e4t ehdotukset;<\/li>\n\n\n\n<li>k\u00e4sitell\u00e4\u00e4n muut kokouskutsussa mainitut asiat;<br>Mik\u00e4li seuran j\u00e4sen haluaa saada jonkin asian seuran kev\u00e4t- tai syyskokoukseen k\u00e4sitelt\u00e4v\u00e4ksi, h\u00e4nen on siit\u00e4 ilmoitettava kirjallisesti hallitukselle niin hyviss\u00e4 ajoin, ett\u00e4 asia voidaan liitt\u00e4\u00e4 kokouskutsuun. J\u00e4senen syyskokouksessa suullisesti tai kirjallisesti esitetty asia k\u00e4sitell\u00e4\u00e4n kuitenkin alustavasti ja merkit\u00e4\u00e4n p\u00f6yt\u00e4kirjaan seuraavan kev\u00e4tkokouksen p\u00e4\u00e4tett\u00e4v\u00e4ksi. Hallituksen j\u00e4senten vaali suoritetaan lippu\u00e4\u00e4nestyksell\u00e4, jos v\u00e4hint\u00e4\u00e4n kaksi \u00e4\u00e4nioikeutettua sit\u00e4 vaatii.<\/li>\n<\/ol>\n\n\n\n<ol start=\"13\" class=\"wp-block-list\">\n<li>S\u00c4\u00c4NT\u00d6JEN MUUTTAMINEN JA SEURAN PURKAMINEN<br>P\u00e4\u00e4t\u00f6s s\u00e4\u00e4nt\u00f6jen muuttamisesta ja seuran purkamisesta on teht\u00e4v\u00e4 samansis\u00e4lt\u00f6isen\u00e4 kahdessa per\u00e4tt\u00e4isess\u00e4, v\u00e4hint\u00e4\u00e4n nelj\u00e4ntoista (14) p\u00e4iv\u00e4n v\u00e4liajoin pidett\u00e4v\u00e4ss\u00e4 seuran kokouksessa v\u00e4hint\u00e4\u00e4n kolmen nelj\u00e4sosan (3\/4) enemmist\u00f6ll\u00e4 annetuista \u00e4\u00e4nist\u00e4. Kokouskutsussa on mainittava s\u00e4\u00e4nt\u00f6jen muuttamisesta tai seuran purkamisesta. Seuran purkautuessa k\u00e4ytet\u00e4\u00e4n seuran varat seuran tarkoituksen edist\u00e4miseen j\u00e4lkimm\u00e4isen purkamisesta p\u00e4\u00e4tt\u00e4v\u00e4n kokouksen m\u00e4\u00e4r\u00e4\u00e4m\u00e4ll\u00e4 tavalla. Seuran tullessa lakkautetuksi k\u00e4ytet\u00e4\u00e4n varat samaan tarkoitukseen.<\/li>\n<\/ol>\n\n\n\n<ol start=\"14\" class=\"wp-block-list\">\n<li>MUUT S\u00c4\u00c4NN\u00d6KSET<br>Yhdistyksen kokouksella tai hallituksella on oikeus antaa n\u00e4iden s\u00e4\u00e4nt\u00f6jen t\u00e4ydennykseksi ohjeita ja m\u00e4\u00e4r\u00e4yksi\u00e4.<\/li>\n<\/ol>\n\n\n\n<ol start=\"15\" class=\"wp-block-list\">\n<li>ERIN\u00c4ISI\u00c4 M\u00c4\u00c4R\u00c4YKSI\u00c4<br>T\u00e4ll\u00e4 s\u00e4\u00e4nt\u00f6jen muutoksella ei loukata jo saavutettuja j\u00e4senoikeuksia. Seura noudattaa toiminnassaan n\u00e4iden s\u00e4\u00e4nt\u00f6jen ohella yhdistyslain s\u00e4\u00e4nn\u00f6ksi\u00e4.<\/li>\n<\/ol>\n\n\n\n<p><\/p>\n","protected":false},"excerpt":{"rendered":"<p>Voimassaolevat s\u00e4\u00e4nn\u00f6t: 09.06.2022 10:32:56 Tarkoituksensa toteuttamiseksi seura voi Toimintansa tukemiseksi seura voi Seuran syyskokouksessa, jota kutsutaan vaalikokoukseksi, k\u00e4sitell\u00e4\u00e4nseuraavat asiat:<\/p>\n","protected":false},"author":1,"featured_media":0,"parent":0,"menu_order":0,"comment_status":"closed","ping_status":"closed","template":"","meta":{"site-sidebar-layout":"default","site-content-layout":"","ast-site-content-layout":"default","site-content-style":"default","site-sidebar-style":"default","ast-global-header-display":"","ast-banner-title-visibility":"","ast-main-header-display":"","ast-hfb-above-header-display":"","ast-hfb-below-header-display":"","ast-hfb-mobile-header-display":"","site-post-title":"","ast-breadcrumbs-content":"","ast-featured-img":"","footer-sml-layout":"","ast-disable-related-posts":"","theme-transparent-header-meta":"","adv-header-id-meta":"","stick-header-meta":"","header-above-stick-meta":"","header-main-stick-meta":"","header-below-stick-meta":"","astra-migrate-meta-layouts":"default","ast-page-background-enabled":"default","ast-page-background-meta":{"desktop":{"background-color":"var(--ast-global-color-5)","background-image":"","background-repeat":"repeat","background-position":"center center","background-size":"auto","background-attachment":"scroll","background-type":"","background-media":"","overlay-type":"","overlay-color":"","overlay-opacity":"","overlay-gradient":""},"tablet":{"background-color":"","background-image":"","background-repeat":"repeat","background-position":"center center","background-size":"auto","background-attachment":"scroll","background-type":"","background-media":"","overlay-type":"","overlay-color":"","overlay-opacity":"","overlay-gradient":""},"mobile":{"background-color":"","background-image":"","background-repeat":"repeat","background-position":"center center","background-size":"auto","background-attachment":"scroll","background-type":"","background-media":"","overlay-type":"","overlay-color":"","overlay-opacity":"","overlay-gradient":""}},"ast-content-background-meta":{"desktop":{"background-color":"var(--ast-global-color-4)","background-image":"","background-repeat":"repeat","background-position":"center center","background-size":"auto","background-attachment":"scroll","background-type":"","background-media":"","overlay-type":"","overlay-color":"","overlay-opacity":"","overlay-gradient":""},"tablet":{"background-color":"var(--ast-global-color-4)","background-image":"","background-repeat":"repeat","background-position":"center center","background-size":"auto","background-attachment":"scroll","background-type":"","background-media":"","overlay-type":"","overlay-color":"","overlay-opacity":"","overlay-gradient":""},"mobile":{"background-color":"var(--ast-global-color-4)","background-image":"","background-repeat":"repeat","background-position":"center center","background-size":"auto","background-attachment":"scroll","background-type":"","background-media":"","overlay-type":"","overlay-color":"","overlay-opacity":"","overlay-gradient":""}},"footnotes":""},"class_list":["post-54","page","type-page","status-publish","hentry"],"_links":{"self":[{"href":"https:\/\/hns.fi\/index.php?rest_route=\/wp\/v2\/pages\/54","targetHints":{"allow":["GET"]}}],"collection":[{"href":"https:\/\/hns.fi\/index.php?rest_route=\/wp\/v2\/pages"}],"about":[{"href":"https:\/\/hns.fi\/index.php?rest_route=\/wp\/v2\/types\/page"}],"author":[{"embeddable":true,"href":"https:\/\/hns.fi\/index.php?rest_route=\/wp\/v2\/users\/1"}],"replies":[{"embeddable":true,"href":"https:\/\/hns.fi\/index.php?rest_route=%2Fwp%2Fv2%2Fcomments&post=54"}],"version-history":[{"count":0,"href":"https:\/\/hns.fi\/index.php?rest_route=\/wp\/v2\/pages\/54\/revisions"}],"wp:attachment":[{"href":"https:\/\/hns.fi\/index.php?rest_route=%2Fwp%2Fv2%2Fmedia&parent=54"}],"curies":[{"name":"wp","href":"https:\/\/api.w.org\/{rel}","templated":true}]}}