{"id":43,"date":"2026-02-05T09:54:58","date_gmt":"2026-02-05T09:54:58","guid":{"rendered":"https:\/\/hns.fi\/?page_id=43"},"modified":"2026-04-10T09:08:43","modified_gmt":"2026-04-10T09:08:43","slug":"etusivu","status":"publish","type":"page","link":"https:\/\/hns.fi\/","title":{"rendered":"Helsingin Navigaatioseura ry"},"content":{"rendered":"\n<figure class=\"wp-block-image size-large is-resized\"><img loading=\"lazy\" decoding=\"async\" width=\"1024\" height=\"576\" src=\"https:\/\/hns.fi\/wp-content\/uploads\/2026\/04\/Laituri2-1024x576.jpg\" alt=\"\" class=\"wp-image-527\" style=\"width:1200px;height:auto\" srcset=\"https:\/\/hns.fi\/wp-content\/uploads\/2026\/04\/Laituri2-1024x576.jpg 1024w, https:\/\/hns.fi\/wp-content\/uploads\/2026\/04\/Laituri2-300x169.jpg 300w, https:\/\/hns.fi\/wp-content\/uploads\/2026\/04\/Laituri2-768x432.jpg 768w, https:\/\/hns.fi\/wp-content\/uploads\/2026\/04\/Laituri2-1536x864.jpg 1536w, https:\/\/hns.fi\/wp-content\/uploads\/2026\/04\/Laituri2-2048x1152.jpg 2048w\" sizes=\"auto, (max-width: 1024px) 100vw, 1024px\" \/><\/figure>\n\n\n\n<p>Helsingin Navigaatioseura tarjoaa sek\u00e4 teoreettista ett\u00e4 k\u00e4yt\u00e4nn\u00f6n merenkulku- ja veneilykoulutusta vapaa-ajan veneilij\u00f6ille. Seuran tarkoituksena on luoda ja edist\u00e4\u00e4 merenkulun harrastusta, kehitt\u00e4\u00e4 ja yll\u00e4pit\u00e4\u00e4 j\u00e4sentens\u00e4 merenkulun turvallista osaamista. HNS on Suomen Navigaatioliiton j\u00e4senseura. <\/p>\n\n\n\n<p><a href=\"https:\/\/spv.fi\/\" target=\"_blank\" rel=\"noreferrer noopener\">Suomen Purjehdus ja Veneily ry<\/a>:n (SPV) j\u00e4senseurana HNS on my\u00f6s veneilyseura: Voit katsastaa veneesi HNS:n rekisteriin ja n\u00e4in saada k\u00e4ytt\u00f6\u00f6si&nbsp;<a href=\"https:\/\/spv.fi\/spv\/jasenedut\/\" target=\"_blank\" rel=\"noreferrer noopener\">SPV:n j\u00e4senedut<\/a>.<\/p>\n\n\n\n<div class=\"wp-block-columns is-layout-flex wp-container-core-columns-is-layout-a5331a9e wp-block-columns-is-layout-flex\" style=\"padding-top:0;padding-right:0;padding-bottom:0;padding-left:0\">\n<div class=\"wp-block-column is-layout-flow wp-block-column-is-layout-flow\" style=\"flex-basis:13%\">\n<p>Sosiaalinen media:<\/p>\n<\/div>\n\n\n\n<div class=\"wp-block-column is-layout-flow wp-block-column-is-layout-flow\" style=\"flex-basis:50%\">\n<a href=\"https:\/\/www.facebook.com\/HelsinginNavigaatioseura\"\n   target=\"_blank\"\n   aria-label=\"Facebook\"\n   style=\"text-decoration:none;\">\n<svg width=\"28\" height=\"28\" viewBox=\"0 0 24 24\" fill=\"#1877F2\">\n<path d=\"M24 12a12 12 0 1 0-13.9 11.8v-8.3H7.1V12h3V9.4c0-3 1.8-4.7 4.6-4.7\n1.3 0 2.7.2 2.7.2v3h-1.5c-1.5 0-2 1-2 1.9V12h3.4l-.5 3.5h-2.9v8.3A12\n12 0 0 0 24 12z\"\/>\n<\/svg>\n<\/a>\n\n<a href=\"https:\/\/www.instagram.com\/helsinginnavigaatioseura\"\n   target=\"_blank\"\n   aria-label=\"Instagram\"\n   style=\"text-decoration:none;\">\n<svg width=\"28\" height=\"28\" viewBox=\"0 0 24 24\" fill=\"#E4405F\">\n<path d=\"M7 2C4.2 2 2 4.2 2 7v10c0 2.8 2.2 5 5 5h10c2.8 0 5-2.2\n5-5V7c0-2.8-2.2-5-5-5H7zm10 2c1.7 0 3 1.3 3 3v10c0\n1.7-1.3 3-3 3H7c-1.7 0-3-1.3-3-3V7c0-1.7 1.3-3 3-3h10zm-5\n3.5A5.5 5.5 0 1 0 17.5 13 5.5 5.5 0 0 0 12\n7.5zm0 2A3.5 3.5 0 1 1 8.5 13 3.5 3.5 0 0 1\n12 9.5zm5.8-.9a1.3 1.3 0 1 1-1.3-1.3 1.3\n1.3 0 0 1 1.3 1.3z\"\/>\n<\/svg>\n<\/a>\n<\/div>\n<\/div>\n","protected":false},"excerpt":{"rendered":"<p>Helsingin Navigaatioseura tarjoaa sek\u00e4 teoreettista ett\u00e4 k\u00e4yt\u00e4nn\u00f6n merenkulku- ja veneilykoulutusta vapaa-ajan veneilij\u00f6ille. Seuran tarkoituksena on luoda ja edist\u00e4\u00e4 merenkulun harrastusta, [&hellip;]<\/p>\n","protected":false},"author":1,"featured_media":0,"parent":0,"menu_order":0,"comment_status":"closed","ping_status":"closed","template":"","meta":{"site-sidebar-layout":"default","site-content-layout":"","ast-site-content-layout":"default","site-content-style":"default","site-sidebar-style":"default","ast-global-header-display":"","ast-banner-title-visibility":"","ast-main-header-display":"","ast-hfb-above-header-display":"","ast-hfb-below-header-display":"","ast-hfb-mobile-header-display":"","site-post-title":"","ast-breadcrumbs-content":"","ast-featured-img":"","footer-sml-layout":"","ast-disable-related-posts":"","theme-transparent-header-meta":"","adv-header-id-meta":"","stick-header-meta":"","header-above-stick-meta":"","header-main-stick-meta":"","header-below-stick-meta":"","astra-migrate-meta-layouts":"default","ast-page-background-enabled":"default","ast-page-background-meta":{"desktop":{"background-color":"var(--ast-global-color-5)","background-image":"","background-repeat":"repeat","background-position":"center center","background-size":"auto","background-attachment":"scroll","background-type":"","background-media":"","overlay-type":"","overlay-color":"","overlay-opacity":"","overlay-gradient":""},"tablet":{"background-color":"","background-image":"","background-repeat":"repeat","background-position":"center center","background-size":"auto","background-attachment":"scroll","background-type":"","background-media":"","overlay-type":"","overlay-color":"","overlay-opacity":"","overlay-gradient":""},"mobile":{"background-color":"","background-image":"","background-repeat":"repeat","background-position":"center center","background-size":"auto","background-attachment":"scroll","background-type":"","background-media":"","overlay-type":"","overlay-color":"","overlay-opacity":"","overlay-gradient":""}},"ast-content-background-meta":{"desktop":{"background-color":"var(--ast-global-color-4)","background-image":"","background-repeat":"repeat","background-position":"center center","background-size":"auto","background-attachment":"scroll","background-type":"","background-media":"","overlay-type":"","overlay-color":"","overlay-opacity":"","overlay-gradient":""},"tablet":{"background-color":"var(--ast-global-color-4)","background-image":"","background-repeat":"repeat","background-position":"center center","background-size":"auto","background-attachment":"scroll","background-type":"","background-media":"","overlay-type":"","overlay-color":"","overlay-opacity":"","overlay-gradient":""},"mobile":{"background-color":"var(--ast-global-color-4)","background-image":"","background-repeat":"repeat","background-position":"center center","background-size":"auto","background-attachment":"scroll","background-type":"","background-media":"","overlay-type":"","overlay-color":"","overlay-opacity":"","overlay-gradient":""}},"footnotes":""},"class_list":["post-43","page","type-page","status-publish","hentry"],"_links":{"self":[{"href":"https:\/\/hns.fi\/index.php?rest_route=\/wp\/v2\/pages\/43","targetHints":{"allow":["GET"]}}],"collection":[{"href":"https:\/\/hns.fi\/index.php?rest_route=\/wp\/v2\/pages"}],"about":[{"href":"https:\/\/hns.fi\/index.php?rest_route=\/wp\/v2\/types\/page"}],"author":[{"embeddable":true,"href":"https:\/\/hns.fi\/index.php?rest_route=\/wp\/v2\/users\/1"}],"replies":[{"embeddable":true,"href":"https:\/\/hns.fi\/index.php?rest_route=%2Fwp%2Fv2%2Fcomments&post=43"}],"version-history":[{"count":10,"href":"https:\/\/hns.fi\/index.php?rest_route=\/wp\/v2\/pages\/43\/revisions"}],"predecessor-version":[{"id":528,"href":"https:\/\/hns.fi\/index.php?rest_route=\/wp\/v2\/pages\/43\/revisions\/528"}],"wp:attachment":[{"href":"https:\/\/hns.fi\/index.php?rest_route=%2Fwp%2Fv2%2Fmedia&parent=43"}],"curies":[{"name":"wp","href":"https:\/\/api.w.org\/{rel}","templated":true}]}}