{"id":384,"date":"2026-03-03T13:03:35","date_gmt":"2026-03-03T13:03:35","guid":{"rendered":"https:\/\/hns.fi\/?page_id=384"},"modified":"2026-04-11T08:14:15","modified_gmt":"2026-04-11T08:14:15","slug":"yhteystiedot","status":"publish","type":"page","link":"https:\/\/hns.fi\/?page_id=384","title":{"rendered":"Yhteystiedot"},"content":{"rendered":"\n<p>HNS:n toimisto, osoite <a href=\"https:\/\/www.google.com\/maps\/place\/Helsingin+Navigaatioseura+R.Y.\/@60.2076193,25.1047913,18.82z\/data=!4m15!1m8!3m7!1s0x46920f26b8f54b39:0x6a89352684799bd!2sMeripellontie+11c,+00910+Helsinki!3b1!8m2!3d60.2078488!4d25.1039462!16s%2Fg%2F11pxr35xn7!3m5!1s0x46920bd055555555:0x6ee1d0d057482cc9!8m2!3d60.2073571!4d25.1054513!16s%2Fg%2F11fd_q8s7k?entry=ttu&amp;g_ep=EgoyMDI2MDQwOC4wIKXMDSoASAFQAw%3D%3D\">Meripellontie 11C, 00910 Helsinki<\/a>. Toimisto avoinna ainoastaan erikseen sovittaessa. Ota yhteytt\u00e4 s\u00e4hk\u00f6postilla sopiaksesi tapaamisen.<\/p>\n\n\n\n<div class=\"wp-block-columns is-layout-flex wp-container-core-columns-is-layout-ec2e7a44 wp-block-columns-is-layout-flex\" style=\"padding-top:0;padding-bottom:0\">\n<div class=\"wp-block-column is-layout-flow wp-block-column-is-layout-flow\" style=\"padding-top:0;padding-bottom:0;flex-basis:45%\">\n<p>S\u00e4hk\u00f6posti: info(at)hns.fi, Y-tunnus 0222521-1<\/p>\n<\/div>\n\n\n\n<div class=\"wp-block-column is-layout-flow wp-block-column-is-layout-flow\" style=\"flex-basis:20%\">\n<p class=\"has-text-align-right\">Sosiaalinen media: <\/p>\n<\/div>\n\n\n\n<div class=\"wp-block-column is-layout-flow wp-block-column-is-layout-flow\" style=\"flex-basis:33.33%\">\n<a href=\"https:\/\/www.facebook.com\/HelsinginNavigaatioseura\"\n   target=\"_blank\"\n   aria-label=\"Facebook\"\n   style=\"text-decoration:none;\">\n<svg width=\"28\" height=\"28\" viewBox=\"0 0 24 24\" fill=\"#1877F2\">\n<path d=\"M24 12a12 12 0 1 0-13.9 11.8v-8.3H7.1V12h3V9.4c0-3 1.8-4.7 4.6-4.7\n1.3 0 2.7.2 2.7.2v3h-1.5c-1.5 0-2 1-2 1.9V12h3.4l-.5 3.5h-2.9v8.3A12\n12 0 0 0 24 12z\"\/>\n<\/svg>\n<\/a>\n\n<a href=\"https:\/\/www.instagram.com\/helsinginnavigaatioseura\"\n   target=\"_blank\"\n   aria-label=\"Instagram\"\n   style=\"text-decoration:none;\">\n<svg width=\"28\" height=\"28\" viewBox=\"0 0 24 24\" fill=\"#E4405F\">\n<path d=\"M7 2C4.2 2 2 4.2 2 7v10c0 2.8 2.2 5 5 5h10c2.8 0 5-2.2\n5-5V7c0-2.8-2.2-5-5-5H7zm10 2c1.7 0 3 1.3 3 3v10c0\n1.7-1.3 3-3 3H7c-1.7 0-3-1.3-3-3V7c0-1.7 1.3-3 3-3h10zm-5\n3.5A5.5 5.5 0 1 0 17.5 13 5.5 5.5 0 0 0 12\n7.5zm0 2A3.5 3.5 0 1 1 8.5 13 3.5 3.5 0 0 1\n12 9.5zm5.8-.9a1.3 1.3 0 1 1-1.3-1.3 1.3\n1.3 0 0 1 1.3 1.3z\"\/>\n<\/svg>\n<\/a>\n<\/div>\n<\/div>\n\n\n\n<p><\/p>\n\n\n\n<p><strong>Saapuminen autolla<\/strong><\/p>\n\n\n\n<p>Meripellontien varrelta runsaasti ilmaista pys\u00e4k\u00f6intitilaa. Arkisin aamu kuudesta puoleeny\u00f6h\u00f6n asti on pys\u00e4k\u00f6inti kuitenkin rajoitettu nelj\u00e4\u00e4n tuntiin, eli muistakaa arkisin k\u00e4ytt\u00e4\u00e4 pys\u00e4k\u00f6intikiekkoa.&nbsp; \u00c4l\u00e4 aja autoasi porttien sis\u00e4puolelle, koska portit suljetaan noin kello 18. Jos isot ajoportit ovat kiinni, toimistollemme p\u00e4\u00e4see&nbsp;rakennuksen lounaispuolella sijaitsevasta k\u00e4yntiportista.<\/p>\n\n\n\n<p><strong>Julkinen liikenne<\/strong><\/p>\n\n\n\n<p>L\u00e4himm\u00e4ksi toimistoamme p\u00e4\u00e4see bussilla numero 98. Bussi kulkee It\u00e4keskuksen ja Rastilan metroasemien v\u00e4lill\u00e4 kahdenkymmenen minuutin v\u00e4lein aamukuudesta tuntia vaille puoleny\u00f6n. Bussit ajavat Marjaniemen kautta.<\/p>\n\n\n\n<p><\/p>\n\n\n\n<p style=\"padding-top:0;padding-bottom:0\"><strong>Toimikuntien suorat s\u00e4hk\u00f6postiosoitteet<\/strong> (korvaa (at) @-merkill\u00e4):<\/p>\n\n\n\n<p style=\"padding-top:0;padding-bottom:0\"><strong>Toimisto:<\/strong> toimisto(at)hns.fi (Varakommodori Kari Lahti)<br><strong>Koulutus: <\/strong>koulutus(at)hns.fi (Koulutus: Saku Jokinen)<br><strong>Katsastustoimikunta: <\/strong>katsastus(at)hns.fi (Katsastustoimikunta: Rami Peltonen)<br><strong>Taloustoimikunta:<\/strong> laskut(at)hns.fi (Talous: Taru Tikkanen)<br><strong>Tiedotustoimikunta:<\/strong> tiedotus(at)hns.fi (Tiedotus: Nina Hanhinen)<br><strong>Kotiluototoimikunta:<\/strong> kotiluoto(at)hns.fi (Kotiluoto: Sami Turunen)<br><strong>Huvitoimikunta:<\/strong> huvitoimikunta(at)hns.fi (Huvitoimikunta: Jari Blomqvist)<\/p>\n\n\n\n<p style=\"padding-top:0;padding-right:0;padding-bottom:0;padding-left:0\"><\/p>\n\n\n\n<h2 class=\"wp-block-heading\">Hallitus, kommodori Joni Nuorivaara<\/h2>\n\n\n\n<!-- myClub embed JS - start -->\n<div class=\"myclub-embed\" data-url=\"https:\/\/hns.myclub.fi\/groups\/81465\/member_embeds\/31914?token=55938382d3b51fac5ac5e626a06eda9a90980d5e\"><\/div>\n<script>(function(d, s, id) { var js, mjs = d.getElementsByTagName(s)[0]; if (d.getElementById(id)) return; js = d.createElement(s); js.id = id; js.async = true; js.src = \"https:\/\/d2ubdm6yoox6gh.cloudfront.net\/assets\/myclub-embed.js\"; mjs.parentNode.insertBefore(js, mjs); }(document, 'script', 'myclub-embed-js'));<\/script>\n<!-- myClub embed JS - end -->\n\n\n\n<p><\/p>\n","protected":false},"excerpt":{"rendered":"<p>HNS:n toimisto, osoite Meripellontie 11C, 00910 Helsinki. Toimisto avoinna ainoastaan erikseen sovittaessa. Ota yhteytt\u00e4 s\u00e4hk\u00f6postilla sopiaksesi tapaamisen. S\u00e4hk\u00f6posti: info(at)hns.fi, Y-tunnus [&hellip;]<\/p>\n","protected":false},"author":1,"featured_media":0,"parent":0,"menu_order":0,"comment_status":"closed","ping_status":"closed","template":"","meta":{"site-sidebar-layout":"left-sidebar","site-content-layout":"","ast-site-content-layout":"default","site-content-style":"default","site-sidebar-style":"default","ast-global-header-display":"","ast-banner-title-visibility":"","ast-main-header-display":"","ast-hfb-above-header-display":"","ast-hfb-below-header-display":"","ast-hfb-mobile-header-display":"","site-post-title":"","ast-breadcrumbs-content":"","ast-featured-img":"","footer-sml-layout":"","ast-disable-related-posts":"","theme-transparent-header-meta":"","adv-header-id-meta":"","stick-header-meta":"","header-above-stick-meta":"","header-main-stick-meta":"","header-below-stick-meta":"","astra-migrate-meta-layouts":"default","ast-page-background-enabled":"default","ast-page-background-meta":{"desktop":{"background-color":"var(--ast-global-color-5)","background-image":"","background-repeat":"repeat","background-position":"center center","background-size":"auto","background-attachment":"scroll","background-type":"","background-media":"","overlay-type":"","overlay-color":"","overlay-opacity":"","overlay-gradient":""},"tablet":{"background-color":"","background-image":"","background-repeat":"repeat","background-position":"center center","background-size":"auto","background-attachment":"scroll","background-type":"","background-media":"","overlay-type":"","overlay-color":"","overlay-opacity":"","overlay-gradient":""},"mobile":{"background-color":"","background-image":"","background-repeat":"repeat","background-position":"center center","background-size":"auto","background-attachment":"scroll","background-type":"","background-media":"","overlay-type":"","overlay-color":"","overlay-opacity":"","overlay-gradient":""}},"ast-content-background-meta":{"desktop":{"background-color":"var(--ast-global-color-4)","background-image":"","background-repeat":"repeat","background-position":"center center","background-size":"auto","background-attachment":"scroll","background-type":"","background-media":"","overlay-type":"","overlay-color":"","overlay-opacity":"","overlay-gradient":""},"tablet":{"background-color":"var(--ast-global-color-4)","background-image":"","background-repeat":"repeat","background-position":"center center","background-size":"auto","background-attachment":"scroll","background-type":"","background-media":"","overlay-type":"","overlay-color":"","overlay-opacity":"","overlay-gradient":""},"mobile":{"background-color":"var(--ast-global-color-4)","background-image":"","background-repeat":"repeat","background-position":"center center","background-size":"auto","background-attachment":"scroll","background-type":"","background-media":"","overlay-type":"","overlay-color":"","overlay-opacity":"","overlay-gradient":""}},"footnotes":""},"class_list":["post-384","page","type-page","status-publish","hentry"],"_links":{"self":[{"href":"https:\/\/hns.fi\/index.php?rest_route=\/wp\/v2\/pages\/384","targetHints":{"allow":["GET"]}}],"collection":[{"href":"https:\/\/hns.fi\/index.php?rest_route=\/wp\/v2\/pages"}],"about":[{"href":"https:\/\/hns.fi\/index.php?rest_route=\/wp\/v2\/types\/page"}],"author":[{"embeddable":true,"href":"https:\/\/hns.fi\/index.php?rest_route=\/wp\/v2\/users\/1"}],"replies":[{"embeddable":true,"href":"https:\/\/hns.fi\/index.php?rest_route=%2Fwp%2Fv2%2Fcomments&post=384"}],"version-history":[{"count":25,"href":"https:\/\/hns.fi\/index.php?rest_route=\/wp\/v2\/pages\/384\/revisions"}],"predecessor-version":[{"id":542,"href":"https:\/\/hns.fi\/index.php?rest_route=\/wp\/v2\/pages\/384\/revisions\/542"}],"wp:attachment":[{"href":"https:\/\/hns.fi\/index.php?rest_route=%2Fwp%2Fv2%2Fmedia&parent=384"}],"curies":[{"name":"wp","href":"https:\/\/api.w.org\/{rel}","templated":true}]}}