{"id":368,"date":"2026-03-03T11:31:00","date_gmt":"2026-03-03T11:31:00","guid":{"rendered":"https:\/\/hns.fi\/?page_id=368"},"modified":"2026-03-03T19:07:26","modified_gmt":"2026-03-03T19:07:26","slug":"veneen-katsastus","status":"publish","type":"page","link":"https:\/\/hns.fi\/?page_id=368","title":{"rendered":"Veneen katsastus"},"content":{"rendered":"\n<p>Veneen katsastus on vapaaehtoinen, mutta eritt\u00e4in suositeltava&nbsp;Suomen Purjehdus ja Veneily ry:n&nbsp;(SPV) j\u00e4rjestelm\u00e4, joka varmistaa veneen turvallisuuden, varusteiden kunnon ja merikelpoisuuden. Vuosikatsastus tehd\u00e4\u00e4n vuosittain, ja peruskatsastus viiden vuoden v\u00e4lein tai omistajan vaihtuessa. Katsastuksen suorittavat veneseurojen valtuutetut katsastajat.<br>HNS:n katsastajien lis\u00e4ksi kummankin katsastuksen voi edelleen tehd\u00e4 jonkin toisen veneseuran SPV:n katsastuslisenssin omaava katsastaja. T\u00e4ll\u00f6in kuva tai kopio katsastusdokumentista on toimitettava HNS:n katsastusp\u00e4\u00e4llik\u00f6lle kes\u00e4kuun loppuun menness\u00e4. HNS:n ulkopuolisen katsastajan tekem\u00e4 katsastus ei vaikuta mitenk\u00e4\u00e4n HNS:n veloittamiin venerekisterimaksuihin.<br>Jos runkokatsastus tai yksityinen vuosikatsastus joudutaan tekem\u00e4\u00e4n muualla kuin ennalta sovituissa katsastuspaikoissa, normaalin k\u00e4yt\u00e4nn\u00f6n mukaisesti veneenomistaja sopii katsastajan kanssa kohtuullisen matkakulukorvauksen. T\u00e4m\u00e4 siit\u00e4 syyst\u00e4, ett\u00e4 toimimme vapaaehtoispohjalla ja HNS ei maksa katsastajalle mit\u00e4\u00e4n palkkioita.<br>HNS vaatii rekisteriss\u00e4\u00e4n olevilta veneilt\u00e4 katsastuksen suorittamisen vuosittain. Suoritettu katsastus antaa seuran per\u00e4lipun k\u00e4ytt\u00f6oikeuden.<br>Venerekisterimaksu (sis. katsastuksen) on 30,00 \u20ac riippumatta siit\u00e4, onko veneell\u00e4 runkokatsastusvuosi vai ei. Lis\u00e4ksi jokaisen veneenomistajan tulee olla SPV:n j\u00e4sen ja silloin laskutetaan my\u00f6s sen j\u00e4senmaksu 13,50 \u20ac.<br>Mik\u00e4li HNS:n rekisteriin merkitty\u00e4 venett\u00e4 ei ole vuosikatsastettu tai katsastusdokumenttia toimitettu HNS:n katsastusp\u00e4\u00e4llik\u00f6lle kes\u00e4kuun loppuun menness\u00e4, lankeaa veneen rekisteriin merkitylle ensisijaiselle omistajalle sakkomaksu, jonka suuruuden hallitus m\u00e4\u00e4ritt\u00e4\u00e4 vuosittain (100,00 \u20ac). Mik\u00e4li venett\u00e4 ei katsasteta ja sakkomaksua ei makseta vuoden loppuun menness\u00e4, poistetaan vene HNS:n ja SPV:n venerekistereist\u00e4. Jos vene on t\u00e4ll\u00e4 tavoin poistunut rekisterist\u00e4mme ja se halutaan uudelleen rekisteriimme, toimitaan kuten uuden veneen rekister\u00f6innin yhteydess\u00e4. Rekister\u00f6intimaksuun kuuluvaa per\u00e4lippua ei kuitenkaan anneta, koska sellainen on jo veneen omistajan hallussa. Jos vene on ollut poissa rekisterist\u00e4 yhdenkin vuoden, runkokatsastusjakso alkaa alusta.<\/p>\n\n\n\n<p>Katsastusp\u00e4\u00e4llikk\u00f6:<br>Rami Peltonen, rami.peltonen(at)gmail.com, puhelin 0406703840<\/p>\n\n\n\n<h3 class=\"wp-block-heading\">HNS:n katsastajat<\/h3>\n\n\n\n<!-- myClub embed JS - start -->\n<div class=\"myclub-embed\" data-url=\"https:\/\/hns.myclub.fi\/groups\/81500\/member_embeds\/31913?token=0c1cc68cfb8c64b831b91379060e180643973cd4\"><\/div>\n<script>(function(d, s, id) { var js, mjs = d.getElementsByTagName(s)[0]; if (d.getElementById(id)) return; js = d.createElement(s); js.id = id; js.async = true; js.src = \"https:\/\/d2ubdm6yoox6gh.cloudfront.net\/assets\/myclub-embed.js\"; mjs.parentNode.insertBefore(js, mjs); }(document, 'script', 'myclub-embed-js'));<\/script>\n<!-- myClub embed JS - end -->\n\n\n\n<p>Katsastajat tavoitat s\u00e4hk\u00f6postilla osoitteesta <strong>katsastus(at)hns.fi <\/strong>( korvaa (at) s\u00e4hk\u00f6postiosoitteissa @-merkill\u00e4 )<\/p>\n\n\n\n<p><\/p>\n","protected":false},"excerpt":{"rendered":"<p>Veneen katsastus on vapaaehtoinen, mutta eritt\u00e4in suositeltava&nbsp;Suomen Purjehdus ja Veneily ry:n&nbsp;(SPV) j\u00e4rjestelm\u00e4, joka varmistaa veneen turvallisuuden, varusteiden kunnon ja merikelpoisuuden. [&hellip;]<\/p>\n","protected":false},"author":1,"featured_media":0,"parent":0,"menu_order":0,"comment_status":"closed","ping_status":"closed","template":"","meta":{"site-sidebar-layout":"default","site-content-layout":"","ast-site-content-layout":"default","site-content-style":"default","site-sidebar-style":"default","ast-global-header-display":"","ast-banner-title-visibility":"","ast-main-header-display":"","ast-hfb-above-header-display":"","ast-hfb-below-header-display":"","ast-hfb-mobile-header-display":"","site-post-title":"","ast-breadcrumbs-content":"","ast-featured-img":"","footer-sml-layout":"","ast-disable-related-posts":"","theme-transparent-header-meta":"","adv-header-id-meta":"","stick-header-meta":"","header-above-stick-meta":"","header-main-stick-meta":"","header-below-stick-meta":"","astra-migrate-meta-layouts":"default","ast-page-background-enabled":"default","ast-page-background-meta":{"desktop":{"background-color":"var(--ast-global-color-5)","background-image":"","background-repeat":"repeat","background-position":"center center","background-size":"auto","background-attachment":"scroll","background-type":"","background-media":"","overlay-type":"","overlay-color":"","overlay-opacity":"","overlay-gradient":""},"tablet":{"background-color":"","background-image":"","background-repeat":"repeat","background-position":"center center","background-size":"auto","background-attachment":"scroll","background-type":"","background-media":"","overlay-type":"","overlay-color":"","overlay-opacity":"","overlay-gradient":""},"mobile":{"background-color":"","background-image":"","background-repeat":"repeat","background-position":"center center","background-size":"auto","background-attachment":"scroll","background-type":"","background-media":"","overlay-type":"","overlay-color":"","overlay-opacity":"","overlay-gradient":""}},"ast-content-background-meta":{"desktop":{"background-color":"var(--ast-global-color-4)","background-image":"","background-repeat":"repeat","background-position":"center center","background-size":"auto","background-attachment":"scroll","background-type":"","background-media":"","overlay-type":"","overlay-color":"","overlay-opacity":"","overlay-gradient":""},"tablet":{"background-color":"var(--ast-global-color-4)","background-image":"","background-repeat":"repeat","background-position":"center center","background-size":"auto","background-attachment":"scroll","background-type":"","background-media":"","overlay-type":"","overlay-color":"","overlay-opacity":"","overlay-gradient":""},"mobile":{"background-color":"var(--ast-global-color-4)","background-image":"","background-repeat":"repeat","background-position":"center center","background-size":"auto","background-attachment":"scroll","background-type":"","background-media":"","overlay-type":"","overlay-color":"","overlay-opacity":"","overlay-gradient":""}},"footnotes":""},"class_list":["post-368","page","type-page","status-publish","hentry"],"_links":{"self":[{"href":"https:\/\/hns.fi\/index.php?rest_route=\/wp\/v2\/pages\/368","targetHints":{"allow":["GET"]}}],"collection":[{"href":"https:\/\/hns.fi\/index.php?rest_route=\/wp\/v2\/pages"}],"about":[{"href":"https:\/\/hns.fi\/index.php?rest_route=\/wp\/v2\/types\/page"}],"author":[{"embeddable":true,"href":"https:\/\/hns.fi\/index.php?rest_route=\/wp\/v2\/users\/1"}],"replies":[{"embeddable":true,"href":"https:\/\/hns.fi\/index.php?rest_route=%2Fwp%2Fv2%2Fcomments&post=368"}],"version-history":[{"count":3,"href":"https:\/\/hns.fi\/index.php?rest_route=\/wp\/v2\/pages\/368\/revisions"}],"predecessor-version":[{"id":407,"href":"https:\/\/hns.fi\/index.php?rest_route=\/wp\/v2\/pages\/368\/revisions\/407"}],"wp:attachment":[{"href":"https:\/\/hns.fi\/index.php?rest_route=%2Fwp%2Fv2%2Fmedia&parent=368"}],"curies":[{"name":"wp","href":"https:\/\/api.w.org\/{rel}","templated":true}]}}