{"id":165,"date":"2026-02-08T12:18:35","date_gmt":"2026-02-08T12:18:35","guid":{"rendered":"https:\/\/hns.fi\/?page_id=165"},"modified":"2026-04-11T08:05:14","modified_gmt":"2026-04-11T08:05:14","slug":"saaritukikohta-kotiluoto","status":"publish","type":"page","link":"https:\/\/hns.fi\/?page_id=165","title":{"rendered":"Saaritukikohta Kotiluoto"},"content":{"rendered":"\n<div class=\"wp-block-columns is-layout-flex wp-container-core-columns-is-layout-07b7b7eb wp-block-columns-is-layout-flex\" style=\"padding-top:0;padding-right:0;padding-bottom:0;padding-left:0\">\n<div class=\"wp-block-column is-layout-flow wp-block-column-is-layout-flow\" style=\"padding-top:0;padding-right:0;padding-bottom:0;padding-left:0;flex-basis:50%\">\n<p>Helsingin Navigaatioseuran saaritukikohta on Kotiluoto niminen saari It\u00e4-Helsingin saaristossa, Jollaksen edustalla, Kallahden sel\u00e4ll\u00e4. Kotiluodon saaritukikohta tarjoaa ainutlaatuiset mahdollisuudet virkistykseen ja vapaa-ajan viettoon kerhon j\u00e4senille.<\/p>\n\n\n\n<p>Kotiluodon saaritukikohta on vuokrattu Helsingin Kaupungilta yhdess\u00e4 It\u00e4-Helsingin Pursiseuran (IHPS) kanssa.<\/p>\n\n\n\n<p>Saarella sijaitsee 1920 valmistunut, Toivo Robert Tikkasen suunnittelema kivihuvila, joka toimii seuran virkistystoiminnan tukikohtana. Huvilaan on aikoinaan kuulunut noin 100 omenapuun puutarha. Huvilaymp\u00e4rist\u00f6n alkuper\u00e4isist\u00e4 rakenteista on yh\u00e4 j\u00e4ljell\u00e4 puutarhankasteluvesis\u00e4ili\u00f6 sek\u00e4 k\u00e4rp\u00e4ssienen mallinen uimakoppi.<\/p>\n<\/div>\n\n\n\n<div class=\"wp-block-column is-layout-flow wp-block-column-is-layout-flow\" style=\"flex-basis:50%\">\n<figure class=\"wp-block-image size-full\"><img loading=\"lazy\" decoding=\"async\" width=\"698\" height=\"613\" src=\"https:\/\/hns.fi\/wp-content\/uploads\/2026\/02\/Huvila1.png\" alt=\"\" class=\"wp-image-199\" style=\"aspect-ratio:1.13867287966353\" srcset=\"https:\/\/hns.fi\/wp-content\/uploads\/2026\/02\/Huvila1.png 698w, https:\/\/hns.fi\/wp-content\/uploads\/2026\/02\/Huvila1-300x263.png 300w\" sizes=\"auto, (max-width: 698px) 100vw, 698px\" \/><\/figure>\n<\/div>\n<\/div>\n\n\n\n<div class=\"wp-block-columns is-layout-flex wp-container-core-columns-is-layout-8a2eb100 wp-block-columns-is-layout-flex\" style=\"padding-top:var(--wp--preset--spacing--30);padding-right:0;padding-bottom:var(--wp--preset--spacing--30);padding-left:0\">\n<div class=\"wp-block-column is-layout-flow wp-block-column-is-layout-flow\" style=\"flex-basis:50%\">\n<p>Kerholaiturin sijainti on <a href=\"https:\/\/www.google.com\/maps?q=60.175000,25.105833\">N 60\u00b010,500\u2032 E 025\u00b006,350\u2032 (WGS84)<\/a>. Saareen kiinnittyess\u00e4 veneess\u00e4 on oltava seuran j\u00e4senyyden merkkin\u00e4 joko HNS:n per\u00e4lippu tai HNS:n viiri.<\/p>\n\n\n\n<p><\/p>\n\n\n\n<p>Tutustu sivulla olevista linkeist\u00e4 Kotiluodon esittelyyn, s\u00e4\u00e4nt\u00f6ihin, pelastussuunnitelmaan sek\u00e4 saunan k\u00e4ytt\u00f6\u00f6n liittyv\u00e4\u00e4n ohjeistukseen.<\/p>\n<\/div>\n\n\n\n<div class=\"wp-block-column is-layout-flow wp-block-column-is-layout-flow\" style=\"flex-basis:50%\">\n<figure class=\"wp-block-image size-full\"><img loading=\"lazy\" decoding=\"async\" width=\"2560\" height=\"1441\" src=\"https:\/\/hns.fi\/wp-content\/uploads\/2026\/02\/Laituri-scaled.jpg\" alt=\"\" class=\"wp-image-302\" style=\"aspect-ratio:1.7766027759418375\" srcset=\"https:\/\/hns.fi\/wp-content\/uploads\/2026\/02\/Laituri-scaled.jpg 2560w, https:\/\/hns.fi\/wp-content\/uploads\/2026\/02\/Laituri-300x169.jpg 300w, https:\/\/hns.fi\/wp-content\/uploads\/2026\/02\/Laituri-1024x577.jpg 1024w, https:\/\/hns.fi\/wp-content\/uploads\/2026\/02\/Laituri-768x432.jpg 768w, https:\/\/hns.fi\/wp-content\/uploads\/2026\/02\/Laituri-1536x865.jpg 1536w, https:\/\/hns.fi\/wp-content\/uploads\/2026\/02\/Laituri-2048x1153.jpg 2048w\" sizes=\"auto, (max-width: 2560px) 100vw, 2560px\" \/><\/figure>\n<\/div>\n<\/div>\n\n\n\n<div class=\"wp-block-columns is-layout-flex wp-container-core-columns-is-layout-cf9dd0f5 wp-block-columns-is-layout-flex\" style=\"margin-top:0;margin-bottom:0;padding-top:0;padding-right:0;padding-bottom:0;padding-left:0\">\n<div class=\"wp-block-column is-vertically-aligned-top is-layout-flow wp-block-column-is-layout-flow\" style=\"padding-top:0;padding-right:0;padding-bottom:0;padding-left:0;flex-basis:50%\">\n<ul style=\"padding-right:var(--wp--preset--spacing--30);padding-left:var(--wp--preset--spacing--30)\" class=\"wp-block-list\">\n<li style=\"font-size:14px\"><strong>v.1914<\/strong> Leopold Lerche myi Kotiluodon saaren is\u00e4nn\u00f6itsij\u00e4 John Sj\u00f6blomille 10 000 markalla<\/li>\n\n\n\n<li style=\"font-size:14px\"><strong>v.1917 <\/strong>John Sj\u00f6blom myi saaren edelleen insin\u00f6\u00f6ri Bj\u00f6rn Runebergille 50 000 markalla<\/li>\n\n\n\n<li style=\"font-size:14px\"><strong>v.1920 <\/strong>Toivo Robert Tikkasen suunnittelema kivihuvila valmistui<\/li>\n\n\n\n<li style=\"font-size:14px\"><strong>v.1919 <\/strong>Leopold Lerche myi muut Villaluodot (3kpl) Bj\u00f6rn Runebergille 20 000 markalla<\/li>\n\n\n\n<li style=\"font-size:14px\"><strong>v.1949 <\/strong>Bj\u00f6rn Runeberg kuoli. Saaret periytyiv\u00e4t Lorenzo Runebergille ja h\u00e4nen velipuolelleen<\/li>\n\n\n\n<li style=\"font-size:14px\"><strong>v.1966 <\/strong>Runebergit myiv\u00e4t saaret Helsingin Kaupungille. Kaupunki vuokrasi Kotiluotoa rakennuksineen veneilyseuroille leiritoimintaa varten.<\/li>\n\n\n\n<li style=\"font-size:14px\"><strong>1960-luvun loppu<\/strong>. HNS:n ensimm\u00e4iset leirit. Saari avataan yleiseen k\u00e4ytt\u00f6\u00f6n. Rappeutuminen alkaa.<\/li>\n\n\n\n<li style=\"font-size:14px\"><strong>1970-luku<\/strong> P\u00e4\u00e4rakennus suljetaan, muut palavat. HNS jatkaa saarella leiritoimintaa.<\/li>\n\n\n\n<li style=\"font-size:14px\"><strong>v.1992<\/strong> Helsingin Kaupunki, HNS ja IHPS (It\u00e4-Helsingin Pursiseura) solmivat vuokrasopimuksen kivihuvilasta, korjaustoimet aloitetaan.<\/li>\n\n\n\n<li style=\"font-size:14px\"><strong>v.1995 <\/strong>Kipparijuhlat ensi kertaa Kotiluodon huvilassa<\/li>\n<\/ul>\n<\/div>\n\n\n\n<div class=\"wp-block-column is-layout-flow wp-block-column-is-layout-flow\" style=\"flex-basis:50%\">\n<figure class=\"wp-block-image alignright size-full\"><img loading=\"lazy\" decoding=\"async\" width=\"698\" height=\"613\" src=\"https:\/\/hns.fi\/wp-content\/uploads\/2026\/02\/komentosilta.png\" alt=\"\" class=\"wp-image-197\" style=\"aspect-ratio:1.1386887287607863\" srcset=\"https:\/\/hns.fi\/wp-content\/uploads\/2026\/02\/komentosilta.png 698w, https:\/\/hns.fi\/wp-content\/uploads\/2026\/02\/komentosilta-300x263.png 300w\" sizes=\"auto, (max-width: 698px) 100vw, 698px\" \/><\/figure>\n<\/div>\n<\/div>\n\n\n\n<p><\/p>\n","protected":false},"excerpt":{"rendered":"<p>Helsingin Navigaatioseuran saaritukikohta on Kotiluoto niminen saari It\u00e4-Helsingin saaristossa, Jollaksen edustalla, Kallahden sel\u00e4ll\u00e4. Kotiluodon saaritukikohta tarjoaa ainutlaatuiset mahdollisuudet virkistykseen ja [&hellip;]<\/p>\n","protected":false},"author":1,"featured_media":0,"parent":0,"menu_order":0,"comment_status":"closed","ping_status":"closed","template":"","meta":{"site-sidebar-layout":"left-sidebar","site-content-layout":"","ast-site-content-layout":"normal-width-container","site-content-style":"default","site-sidebar-style":"default","ast-global-header-display":"","ast-banner-title-visibility":"","ast-main-header-display":"","ast-hfb-above-header-display":"","ast-hfb-below-header-display":"","ast-hfb-mobile-header-display":"","site-post-title":"","ast-breadcrumbs-content":"","ast-featured-img":"","footer-sml-layout":"","ast-disable-related-posts":"","theme-transparent-header-meta":"","adv-header-id-meta":"","stick-header-meta":"","header-above-stick-meta":"","header-main-stick-meta":"","header-below-stick-meta":"","astra-migrate-meta-layouts":"default","ast-page-background-enabled":"default","ast-page-background-meta":{"desktop":{"background-color":"var(--ast-global-color-5)","background-image":"","background-repeat":"repeat","background-position":"center center","background-size":"auto","background-attachment":"scroll","background-type":"","background-media":"","overlay-type":"","overlay-color":"","overlay-opacity":"","overlay-gradient":""},"tablet":{"background-color":"","background-image":"","background-repeat":"repeat","background-position":"center center","background-size":"auto","background-attachment":"scroll","background-type":"","background-media":"","overlay-type":"","overlay-color":"","overlay-opacity":"","overlay-gradient":""},"mobile":{"background-color":"","background-image":"","background-repeat":"repeat","background-position":"center center","background-size":"auto","background-attachment":"scroll","background-type":"","background-media":"","overlay-type":"","overlay-color":"","overlay-opacity":"","overlay-gradient":""}},"ast-content-background-meta":{"desktop":{"background-color":"var(--ast-global-color-4)","background-image":"","background-repeat":"repeat","background-position":"center center","background-size":"auto","background-attachment":"scroll","background-type":"","background-media":"","overlay-type":"","overlay-color":"","overlay-opacity":"","overlay-gradient":""},"tablet":{"background-color":"var(--ast-global-color-4)","background-image":"","background-repeat":"repeat","background-position":"center center","background-size":"auto","background-attachment":"scroll","background-type":"","background-media":"","overlay-type":"","overlay-color":"","overlay-opacity":"","overlay-gradient":""},"mobile":{"background-color":"var(--ast-global-color-4)","background-image":"","background-repeat":"repeat","background-position":"center center","background-size":"auto","background-attachment":"scroll","background-type":"","background-media":"","overlay-type":"","overlay-color":"","overlay-opacity":"","overlay-gradient":""}},"footnotes":""},"class_list":["post-165","page","type-page","status-publish","hentry"],"_links":{"self":[{"href":"https:\/\/hns.fi\/index.php?rest_route=\/wp\/v2\/pages\/165","targetHints":{"allow":["GET"]}}],"collection":[{"href":"https:\/\/hns.fi\/index.php?rest_route=\/wp\/v2\/pages"}],"about":[{"href":"https:\/\/hns.fi\/index.php?rest_route=\/wp\/v2\/types\/page"}],"author":[{"embeddable":true,"href":"https:\/\/hns.fi\/index.php?rest_route=\/wp\/v2\/users\/1"}],"replies":[{"embeddable":true,"href":"https:\/\/hns.fi\/index.php?rest_route=%2Fwp%2Fv2%2Fcomments&post=165"}],"version-history":[{"count":29,"href":"https:\/\/hns.fi\/index.php?rest_route=\/wp\/v2\/pages\/165\/revisions"}],"predecessor-version":[{"id":534,"href":"https:\/\/hns.fi\/index.php?rest_route=\/wp\/v2\/pages\/165\/revisions\/534"}],"wp:attachment":[{"href":"https:\/\/hns.fi\/index.php?rest_route=%2Fwp%2Fv2%2Fmedia&parent=165"}],"curies":[{"name":"wp","href":"https:\/\/api.w.org\/{rel}","templated":true}]}}