{"id":159,"date":"2026-02-07T18:37:51","date_gmt":"2026-02-07T18:37:51","guid":{"rendered":"https:\/\/hns.fi\/?page_id=159"},"modified":"2026-04-07T06:53:10","modified_gmt":"2026-04-07T06:53:10","slug":"navis-v","status":"publish","type":"page","link":"https:\/\/hns.fi\/?page_id=159","title":{"rendered":"Navis V"},"content":{"rendered":"\n<p class=\"has-medium-font-size\">North Steel 34, vm 1995, Insin\u00f6\u00f6ritoimisto O. Ahtiluoto Oy, Lahti<\/p>\n\n\n\n<figure class=\"wp-block-image size-large is-resized\"><img loading=\"lazy\" decoding=\"async\" width=\"1024\" height=\"768\" src=\"https:\/\/hns.fi\/wp-content\/uploads\/2026\/02\/Navis1-1024x768.png\" alt=\"\" class=\"wp-image-228\" style=\"width:1165px;height:auto\" srcset=\"https:\/\/hns.fi\/wp-content\/uploads\/2026\/02\/Navis1-1024x768.png 1024w, https:\/\/hns.fi\/wp-content\/uploads\/2026\/02\/Navis1-300x225.png 300w, https:\/\/hns.fi\/wp-content\/uploads\/2026\/02\/Navis1-768x576.png 768w, https:\/\/hns.fi\/wp-content\/uploads\/2026\/02\/Navis1.png 1440w\" sizes=\"auto, (max-width: 1024px) 100vw, 1024px\" \/><\/figure>\n\n\n\n<div class=\"wp-block-columns is-layout-flex wp-container-core-columns-is-layout-4109350d wp-block-columns-is-layout-flex\" style=\"margin-top:0;margin-bottom:0;padding-top:0;padding-right:0;padding-bottom:0;padding-left:0\">\n<div class=\"wp-block-column is-layout-flow wp-block-column-is-layout-flow\">\n<figure class=\"wp-block-image size-large\" style=\"margin-right:0;margin-left:0\"><img loading=\"lazy\" decoding=\"async\" width=\"768\" height=\"1024\" src=\"https:\/\/hns.fi\/wp-content\/uploads\/2026\/02\/Navis2-768x1024.png\" alt=\"\" class=\"wp-image-227\" style=\"aspect-ratio:0.750009931275573\" srcset=\"https:\/\/hns.fi\/wp-content\/uploads\/2026\/02\/Navis2-768x1024.png 768w, https:\/\/hns.fi\/wp-content\/uploads\/2026\/02\/Navis2-225x300.png 225w, https:\/\/hns.fi\/wp-content\/uploads\/2026\/02\/Navis2.png 810w\" sizes=\"auto, (max-width: 768px) 100vw, 768px\" \/><\/figure>\n\n\n\n<figure class=\"wp-block-image size-large\"><img loading=\"lazy\" decoding=\"async\" width=\"1024\" height=\"768\" src=\"https:\/\/hns.fi\/wp-content\/uploads\/2026\/03\/Navis-1024x768.jpg\" alt=\"\" class=\"wp-image-351\" srcset=\"https:\/\/hns.fi\/wp-content\/uploads\/2026\/03\/Navis-1024x768.jpg 1024w, https:\/\/hns.fi\/wp-content\/uploads\/2026\/03\/Navis-300x225.jpg 300w, https:\/\/hns.fi\/wp-content\/uploads\/2026\/03\/Navis-768x576.jpg 768w, https:\/\/hns.fi\/wp-content\/uploads\/2026\/03\/Navis-1536x1152.jpg 1536w, https:\/\/hns.fi\/wp-content\/uploads\/2026\/03\/Navis-2048x1536.jpg 2048w\" sizes=\"auto, (max-width: 1024px) 100vw, 1024px\" \/><\/figure>\n<\/div>\n\n\n\n<div class=\"wp-block-column is-layout-flow wp-container-core-column-is-layout-1396dd20 wp-block-column-is-layout-flow\" style=\"padding-top:0;padding-right:0;padding-bottom:0;padding-left:0\">\n<h3 class=\"wp-block-heading\" style=\"font-size:20px\"><strong>Mitat<\/strong><\/h3>\n\n\n\n<ul class=\"wp-block-list\">\n<li style=\"font-size:14px\">Pituus 11,5 m, lev. 3,5 m, syv\u00e4ys 1,25 m, alituskorkeus 3,6m<\/li>\n\n\n\n<li style=\"font-size:14px\">Paino 12 t varusteineen<\/li>\n\n\n\n<li style=\"font-size:14px\">Henkil\u00f6 max 15, makuusijoja 6-8 kpl<\/li>\n\n\n\n<li style=\"font-size:14px\">Matkanopeus 7,5 kn<\/li>\n\n\n\n<li style=\"font-size:14px\">Polttoaines\u00e4ili\u00f6 700l, Kulutus 8l\/h, toimintamatka 700 mpk<\/li>\n\n\n\n<li style=\"font-size:14px\">Vesis\u00e4ili\u00f6 300l<\/li>\n<\/ul>\n\n\n\n<p><\/p>\n\n\n\n<h3 class=\"wp-block-heading has-medium-font-size\"><strong>Tunnukset<\/strong><\/h3>\n\n\n\n<ul class=\"wp-block-list\">\n<li style=\"font-size:14px\">Rekisteritunnus: A-5616<\/li>\n\n\n\n<li style=\"font-size:14px\">VHF-kutsu : OF3092<\/li>\n\n\n\n<li style=\"font-size:14px\">DSC-kutsu : 230117740<\/li>\n\n\n\n<li style=\"font-size:14px\">HNS:n ryhm\u00e4kutsu : 023099480<\/li>\n<\/ul>\n\n\n\n<p><\/p>\n\n\n\n<h3 class=\"wp-block-heading\" style=\"font-size:20px\">Moottori<\/h3>\n\n\n\n<ul class=\"wp-block-list\">\n<li style=\"font-size:14px\">Iveco aifo 5,8 l, 89 kW \/ 121 hv, 6 \u2013 syl. ahtamaton marinoitu diesel<\/li>\n<\/ul>\n\n\n\n<p><\/p>\n\n\n\n<h3 class=\"wp-block-heading\" style=\"font-size:20px\">Varusteet<\/h3>\n\n\n\n<ul class=\"wp-block-list\">\n<li style=\"font-size:14px\">Keulapotkuri Vetus 4hv, s\u00e4hk\u00f6inen<\/li>\n\n\n\n<li style=\"font-size:14px\">Hydraulinen 2-pisteohjaus<\/li>\n\n\n\n<li style=\"font-size:14px\">Ankkurit 20&nbsp;ja 15 kg Bruce, keulassa ankkurivinssi ja&nbsp;60 m ketju<\/li>\n\n\n\n<li style=\"font-size:14px\">Sis\u00e4ohjaamossa\n<ul class=\"wp-block-list\">\n<li>Raymarine C120W karttaplotteri<\/li>\n\n\n\n<li>S\u00e4hk\u00f6kompassi Raymarine ST 60<\/li>\n\n\n\n<li>VHF&nbsp;Navicom RT-650 MOB AIS-vastaanottimella<\/li>\n<\/ul>\n<\/li>\n\n\n\n<li style=\"font-size:14px\">Ulko-ohjaamossa\n<ul class=\"wp-block-list\">\n<li>Raymarine karttaplotteri jossa Quantum kupoli tutka yhdistettyn\u00e4<\/li>\n\n\n\n<li>AIS-signaalin n\u00e4ytt\u00f6 plotterilla<\/li>\n\n\n\n<li>Magneettinen kompassi Suunto 135<\/li>\n<\/ul>\n<\/li>\n\n\n\n<li style=\"font-size:14px\">Molemmissa ohjaamoissa\n<ul class=\"wp-block-list\">\n<li>SeaTalkNG -v\u00e4yl\u00e4n v\u00e4rimonitoimin\u00e4yt\u00f6t Raymarine i70<\/li>\n\n\n\n<li>Airmar DST800 (kaiku, loki ja l\u00e4mp\u00f6tila) kytketty datav\u00e4yl\u00e4\u00e4n<\/li>\n<\/ul>\n<\/li>\n\n\n\n<li style=\"font-size:14px\">Kannettava VHF Plastimo SX-200<\/li>\n\n\n\n<li style=\"font-size:14px\">Katsastusvarusteet, katsastettu luokkaan 2<\/li>\n\n\n\n<li style=\"font-size:14px\">Automaattiset pelastusliivit 10 henkil\u00f6lle, Viking CE 151.1 S<\/li>\n\n\n\n<li style=\"font-size:14px\">L\u00e4mmitin Ebersp\u00e4cher Airtronic 4,0 kW, diesel<\/li>\n\n\n\n<li style=\"font-size:14px\">Kylm\u00e4laukku Airam iso, 12V ja 230V<\/li>\n\n\n\n<li style=\"font-size:14px\">Liesi Wallas 90, keraaminen liesitaso, valopetroli sek\u00e4 irrallinen salkkumallinen keitin.<\/li>\n\n\n\n<li style=\"font-size:14px\">Kauko-ohjattava valonheitin Vetus<\/li>\n\n\n\n<li style=\"font-size:14px\">K\u00e4sivalonheitin LED ladattava<\/li>\n\n\n\n<li style=\"font-size:14px\">Akut 2 x 225Ah, maas\u00e4hk\u00f6laturi Mastervolt Ivo Smart 12\/35A ja maas\u00e4hk\u00f6<\/li>\n\n\n\n<li style=\"font-size:14px\">Kaksi 6 kg jauhesammutinta<\/li>\n\n\n\n<li style=\"font-size:14px\">Konetilan hiilidioksidisammutin<\/li>\n\n\n\n<li style=\"font-size:14px\">Puul\u00e4mmitteinen sauna<\/li>\n<\/ul>\n<\/div>\n<\/div>\n\n\n\n<p><\/p>\n","protected":false},"excerpt":{"rendered":"<p>North Steel 34, vm 1995, Insin\u00f6\u00f6ritoimisto O. Ahtiluoto Oy, Lahti Mitat Tunnukset Moottori Varusteet<\/p>\n","protected":false},"author":1,"featured_media":0,"parent":0,"menu_order":0,"comment_status":"closed","ping_status":"closed","template":"","meta":{"site-sidebar-layout":"default","site-content-layout":"","ast-site-content-layout":"default","site-content-style":"default","site-sidebar-style":"default","ast-global-header-display":"","ast-banner-title-visibility":"","ast-main-header-display":"","ast-hfb-above-header-display":"","ast-hfb-below-header-display":"","ast-hfb-mobile-header-display":"","site-post-title":"","ast-breadcrumbs-content":"","ast-featured-img":"","footer-sml-layout":"","ast-disable-related-posts":"","theme-transparent-header-meta":"","adv-header-id-meta":"","stick-header-meta":"","header-above-stick-meta":"","header-main-stick-meta":"","header-below-stick-meta":"","astra-migrate-meta-layouts":"default","ast-page-background-enabled":"default","ast-page-background-meta":{"desktop":{"background-color":"var(--ast-global-color-5)","background-image":"","background-repeat":"repeat","background-position":"center center","background-size":"auto","background-attachment":"scroll","background-type":"","background-media":"","overlay-type":"","overlay-color":"","overlay-opacity":"","overlay-gradient":""},"tablet":{"background-color":"","background-image":"","background-repeat":"repeat","background-position":"center center","background-size":"auto","background-attachment":"scroll","background-type":"","background-media":"","overlay-type":"","overlay-color":"","overlay-opacity":"","overlay-gradient":""},"mobile":{"background-color":"","background-image":"","background-repeat":"repeat","background-position":"center center","background-size":"auto","background-attachment":"scroll","background-type":"","background-media":"","overlay-type":"","overlay-color":"","overlay-opacity":"","overlay-gradient":""}},"ast-content-background-meta":{"desktop":{"background-color":"var(--ast-global-color-4)","background-image":"","background-repeat":"repeat","background-position":"center center","background-size":"auto","background-attachment":"scroll","background-type":"","background-media":"","overlay-type":"","overlay-color":"","overlay-opacity":"","overlay-gradient":""},"tablet":{"background-color":"var(--ast-global-color-4)","background-image":"","background-repeat":"repeat","background-position":"center center","background-size":"auto","background-attachment":"scroll","background-type":"","background-media":"","overlay-type":"","overlay-color":"","overlay-opacity":"","overlay-gradient":""},"mobile":{"background-color":"var(--ast-global-color-4)","background-image":"","background-repeat":"repeat","background-position":"center center","background-size":"auto","background-attachment":"scroll","background-type":"","background-media":"","overlay-type":"","overlay-color":"","overlay-opacity":"","overlay-gradient":""}},"footnotes":""},"class_list":["post-159","page","type-page","status-publish","hentry"],"_links":{"self":[{"href":"https:\/\/hns.fi\/index.php?rest_route=\/wp\/v2\/pages\/159","targetHints":{"allow":["GET"]}}],"collection":[{"href":"https:\/\/hns.fi\/index.php?rest_route=\/wp\/v2\/pages"}],"about":[{"href":"https:\/\/hns.fi\/index.php?rest_route=\/wp\/v2\/types\/page"}],"author":[{"embeddable":true,"href":"https:\/\/hns.fi\/index.php?rest_route=\/wp\/v2\/users\/1"}],"replies":[{"embeddable":true,"href":"https:\/\/hns.fi\/index.php?rest_route=%2Fwp%2Fv2%2Fcomments&post=159"}],"version-history":[{"count":6,"href":"https:\/\/hns.fi\/index.php?rest_route=\/wp\/v2\/pages\/159\/revisions"}],"predecessor-version":[{"id":515,"href":"https:\/\/hns.fi\/index.php?rest_route=\/wp\/v2\/pages\/159\/revisions\/515"}],"wp:attachment":[{"href":"https:\/\/hns.fi\/index.php?rest_route=%2Fwp%2Fv2%2Fmedia&parent=159"}],"curies":[{"name":"wp","href":"https:\/\/api.w.org\/{rel}","templated":true}]}}