{"id":134,"date":"2026-02-07T13:49:39","date_gmt":"2026-02-07T13:49:39","guid":{"rendered":"https:\/\/hns.fi\/?page_id=134"},"modified":"2026-02-09T06:03:33","modified_gmt":"2026-02-09T06:03:33","slug":"kaytannon-veneilytaidot","status":"publish","type":"page","link":"https:\/\/hns.fi\/?page_id=134","title":{"rendered":"K\u00e4yt\u00e4nn\u00f6n veneilytaidot"},"content":{"rendered":"\n<h4 class=\"wp-block-heading\">VHF<\/h4>\n\n\n\n<h4 class=\"wp-block-heading\">Navis V -harjoitusajot<\/h4>\n\n\n\n<p>Veneen k\u00e4sittely<\/p>\n\n\n\n<p>V\u00e4yl\u00e4navigointi<\/p>\n\n\n\n<p>Kompassi- ja maisemanavigointi<\/p>\n\n\n\n<p>Luonnonsatamat<\/p>\n\n\n\n<p>Hinaus ja MOB<\/p>\n\n\n\n<p>Pime\u00e4ajo<\/p>\n\n\n\n<h4 class=\"wp-block-heading\">K\u00e4yt\u00e4nn\u00f6n veneilytaitojen n\u00e4ytt\u00f6jen vastaanotto<\/h4>\n\n\n\n<!-- myClub embed JS - start -->\n<div class=\"myclub-embed\" data-url=\"https:\/\/hns.myclub.fi\/groups\/81997\/event_embeds\/23706?token=1b11dbff81eb2edd1318808f44c39d1dc15c5b53\"><\/div>\n<script>(function(d, s, id) { var js, mjs = d.getElementsByTagName(s)[0]; if (d.getElementById(id)) return; js = d.createElement(s); js.id = id; js.async = true; js.src = \"https:\/\/d2ubdm6yoox6gh.cloudfront.net\/assets\/myclub-embed.js\"; mjs.parentNode.insertBefore(js, mjs); }(document, 'script', 'myclub-embed-js'));<\/script>\n<!-- myClub embed JS - end -->\n\n\n\n\n<p><\/p>\n","protected":false},"excerpt":{"rendered":"<p>VHF Navis V -harjoitusajot Veneen k\u00e4sittely V\u00e4yl\u00e4navigointi Kompassi- ja maisemanavigointi Luonnonsatamat Hinaus ja MOB Pime\u00e4ajo K\u00e4yt\u00e4nn\u00f6n veneilytaitojen n\u00e4ytt\u00f6jen vastaanotto<\/p>\n","protected":false},"author":1,"featured_media":0,"parent":0,"menu_order":0,"comment_status":"closed","ping_status":"closed","template":"","meta":{"site-sidebar-layout":"default","site-content-layout":"","ast-site-content-layout":"default","site-content-style":"default","site-sidebar-style":"default","ast-global-header-display":"","ast-banner-title-visibility":"","ast-main-header-display":"","ast-hfb-above-header-display":"","ast-hfb-below-header-display":"","ast-hfb-mobile-header-display":"","site-post-title":"","ast-breadcrumbs-content":"","ast-featured-img":"","footer-sml-layout":"","ast-disable-related-posts":"","theme-transparent-header-meta":"","adv-header-id-meta":"","stick-header-meta":"","header-above-stick-meta":"","header-main-stick-meta":"","header-below-stick-meta":"","astra-migrate-meta-layouts":"default","ast-page-background-enabled":"default","ast-page-background-meta":{"desktop":{"background-color":"var(--ast-global-color-5)","background-image":"","background-repeat":"repeat","background-position":"center center","background-size":"auto","background-attachment":"scroll","background-type":"","background-media":"","overlay-type":"","overlay-color":"","overlay-opacity":"","overlay-gradient":""},"tablet":{"background-color":"","background-image":"","background-repeat":"repeat","background-position":"center center","background-size":"auto","background-attachment":"scroll","background-type":"","background-media":"","overlay-type":"","overlay-color":"","overlay-opacity":"","overlay-gradient":""},"mobile":{"background-color":"","background-image":"","background-repeat":"repeat","background-position":"center center","background-size":"auto","background-attachment":"scroll","background-type":"","background-media":"","overlay-type":"","overlay-color":"","overlay-opacity":"","overlay-gradient":""}},"ast-content-background-meta":{"desktop":{"background-color":"var(--ast-global-color-4)","background-image":"","background-repeat":"repeat","background-position":"center center","background-size":"auto","background-attachment":"scroll","background-type":"","background-media":"","overlay-type":"","overlay-color":"","overlay-opacity":"","overlay-gradient":""},"tablet":{"background-color":"var(--ast-global-color-4)","background-image":"","background-repeat":"repeat","background-position":"center center","background-size":"auto","background-attachment":"scroll","background-type":"","background-media":"","overlay-type":"","overlay-color":"","overlay-opacity":"","overlay-gradient":""},"mobile":{"background-color":"var(--ast-global-color-4)","background-image":"","background-repeat":"repeat","background-position":"center center","background-size":"auto","background-attachment":"scroll","background-type":"","background-media":"","overlay-type":"","overlay-color":"","overlay-opacity":"","overlay-gradient":""}},"footnotes":""},"class_list":["post-134","page","type-page","status-publish","hentry"],"_links":{"self":[{"href":"https:\/\/hns.fi\/index.php?rest_route=\/wp\/v2\/pages\/134","targetHints":{"allow":["GET"]}}],"collection":[{"href":"https:\/\/hns.fi\/index.php?rest_route=\/wp\/v2\/pages"}],"about":[{"href":"https:\/\/hns.fi\/index.php?rest_route=\/wp\/v2\/types\/page"}],"author":[{"embeddable":true,"href":"https:\/\/hns.fi\/index.php?rest_route=\/wp\/v2\/users\/1"}],"replies":[{"embeddable":true,"href":"https:\/\/hns.fi\/index.php?rest_route=%2Fwp%2Fv2%2Fcomments&post=134"}],"version-history":[{"count":0,"href":"https:\/\/hns.fi\/index.php?rest_route=\/wp\/v2\/pages\/134\/revisions"}],"wp:attachment":[{"href":"https:\/\/hns.fi\/index.php?rest_route=%2Fwp%2Fv2%2Fmedia&parent=134"}],"curies":[{"name":"wp","href":"https:\/\/api.w.org\/{rel}","templated":true}]}}