{"id":133,"date":"2026-02-07T13:48:55","date_gmt":"2026-02-07T13:48:55","guid":{"rendered":"https:\/\/hns.fi\/?page_id=133"},"modified":"2026-02-07T17:44:05","modified_gmt":"2026-02-07T17:44:05","slug":"cevni","status":"publish","type":"page","link":"https:\/\/hns.fi\/?page_id=133","title":{"rendered":"CEVNI"},"content":{"rendered":"\n<div class=\"wp-block-columns is-layout-flex wp-container-core-columns-is-layout-28f84493 wp-block-columns-is-layout-flex\">\n<div class=\"wp-block-column is-layout-flow wp-block-column-is-layout-flow\" style=\"flex-basis:50%\">\n<p>Kurssilla opetellaan Euroopan sis\u00e4vesien s\u00e4\u00e4nn\u00f6t. Hyv\u00e4ksytyn tutkinnon j\u00e4lkeen voit anoa Navigaatioliitolta todistua, jonka voit liitt\u00e4\u00e4 kansainv\u00e4liseen huviveneenkuljettajakirja-hakemukseen ja siten saada oikeuden navigoida Euroopan sis\u00e4vesill\u00e4.<\/p>\n<\/div>\n\n\n\n<div class=\"wp-block-column is-layout-flow wp-block-column-is-layout-flow\" style=\"flex-basis:50%\">\n<figure class=\"wp-block-image size-large is-resized\"><img loading=\"lazy\" decoding=\"async\" width=\"1024\" height=\"683\" src=\"https:\/\/hns.fi\/wp-content\/uploads\/2026\/02\/3345557-amsterdam-6619660_1920-1024x683.jpg\" alt=\"\" class=\"wp-image-154\" style=\"width:428px;height:auto\" srcset=\"https:\/\/hns.fi\/wp-content\/uploads\/2026\/02\/3345557-amsterdam-6619660_1920-1024x683.jpg 1024w, https:\/\/hns.fi\/wp-content\/uploads\/2026\/02\/3345557-amsterdam-6619660_1920-300x200.jpg 300w, https:\/\/hns.fi\/wp-content\/uploads\/2026\/02\/3345557-amsterdam-6619660_1920-768x512.jpg 768w, https:\/\/hns.fi\/wp-content\/uploads\/2026\/02\/3345557-amsterdam-6619660_1920-1536x1024.jpg 1536w, https:\/\/hns.fi\/wp-content\/uploads\/2026\/02\/3345557-amsterdam-6619660_1920.jpg 1920w\" sizes=\"auto, (max-width: 1024px) 100vw, 1024px\" \/><\/figure>\n<\/div>\n<\/div>\n\n\n\n<p><\/p>\n","protected":false},"excerpt":{"rendered":"<p>Kurssilla opetellaan Euroopan sis\u00e4vesien s\u00e4\u00e4nn\u00f6t. Hyv\u00e4ksytyn tutkinnon j\u00e4lkeen voit anoa Navigaatioliitolta todistua, jonka voit liitt\u00e4\u00e4 kansainv\u00e4liseen huviveneenkuljettajakirja-hakemukseen ja siten saada [&hellip;]<\/p>\n","protected":false},"author":1,"featured_media":0,"parent":0,"menu_order":0,"comment_status":"closed","ping_status":"closed","template":"","meta":{"site-sidebar-layout":"default","site-content-layout":"","ast-site-content-layout":"default","site-content-style":"default","site-sidebar-style":"default","ast-global-header-display":"","ast-banner-title-visibility":"","ast-main-header-display":"","ast-hfb-above-header-display":"","ast-hfb-below-header-display":"","ast-hfb-mobile-header-display":"","site-post-title":"","ast-breadcrumbs-content":"","ast-featured-img":"","footer-sml-layout":"","ast-disable-related-posts":"","theme-transparent-header-meta":"","adv-header-id-meta":"","stick-header-meta":"","header-above-stick-meta":"","header-main-stick-meta":"","header-below-stick-meta":"","astra-migrate-meta-layouts":"default","ast-page-background-enabled":"default","ast-page-background-meta":{"desktop":{"background-color":"var(--ast-global-color-5)","background-image":"","background-repeat":"repeat","background-position":"center center","background-size":"auto","background-attachment":"scroll","background-type":"","background-media":"","overlay-type":"","overlay-color":"","overlay-opacity":"","overlay-gradient":""},"tablet":{"background-color":"","background-image":"","background-repeat":"repeat","background-position":"center center","background-size":"auto","background-attachment":"scroll","background-type":"","background-media":"","overlay-type":"","overlay-color":"","overlay-opacity":"","overlay-gradient":""},"mobile":{"background-color":"","background-image":"","background-repeat":"repeat","background-position":"center center","background-size":"auto","background-attachment":"scroll","background-type":"","background-media":"","overlay-type":"","overlay-color":"","overlay-opacity":"","overlay-gradient":""}},"ast-content-background-meta":{"desktop":{"background-color":"var(--ast-global-color-4)","background-image":"","background-repeat":"repeat","background-position":"center center","background-size":"auto","background-attachment":"scroll","background-type":"","background-media":"","overlay-type":"","overlay-color":"","overlay-opacity":"","overlay-gradient":""},"tablet":{"background-color":"var(--ast-global-color-4)","background-image":"","background-repeat":"repeat","background-position":"center center","background-size":"auto","background-attachment":"scroll","background-type":"","background-media":"","overlay-type":"","overlay-color":"","overlay-opacity":"","overlay-gradient":""},"mobile":{"background-color":"var(--ast-global-color-4)","background-image":"","background-repeat":"repeat","background-position":"center center","background-size":"auto","background-attachment":"scroll","background-type":"","background-media":"","overlay-type":"","overlay-color":"","overlay-opacity":"","overlay-gradient":""}},"footnotes":""},"class_list":["post-133","page","type-page","status-publish","hentry"],"_links":{"self":[{"href":"https:\/\/hns.fi\/index.php?rest_route=\/wp\/v2\/pages\/133","targetHints":{"allow":["GET"]}}],"collection":[{"href":"https:\/\/hns.fi\/index.php?rest_route=\/wp\/v2\/pages"}],"about":[{"href":"https:\/\/hns.fi\/index.php?rest_route=\/wp\/v2\/types\/page"}],"author":[{"embeddable":true,"href":"https:\/\/hns.fi\/index.php?rest_route=\/wp\/v2\/users\/1"}],"replies":[{"embeddable":true,"href":"https:\/\/hns.fi\/index.php?rest_route=%2Fwp%2Fv2%2Fcomments&post=133"}],"version-history":[{"count":0,"href":"https:\/\/hns.fi\/index.php?rest_route=\/wp\/v2\/pages\/133\/revisions"}],"wp:attachment":[{"href":"https:\/\/hns.fi\/index.php?rest_route=%2Fwp%2Fv2%2Fmedia&parent=133"}],"curies":[{"name":"wp","href":"https:\/\/api.w.org\/{rel}","templated":true}]}}