{"id":131,"date":"2026-02-07T13:47:25","date_gmt":"2026-02-07T13:47:25","guid":{"rendered":"https:\/\/hns.fi\/?page_id=131"},"modified":"2026-02-09T19:12:03","modified_gmt":"2026-02-09T19:12:03","slug":"rannikkolaivuri","status":"publish","type":"page","link":"https:\/\/hns.fi\/?page_id=131","title":{"rendered":"Rannikkolaivuri"},"content":{"rendered":"\n<div class=\"wp-block-columns is-layout-flex wp-container-core-columns-is-layout-28f84493 wp-block-columns-is-layout-flex\">\n<div class=\"wp-block-column is-layout-flow wp-block-column-is-layout-flow\" style=\"flex-basis:50%\">\n<p>Rannikkomerenkulun kurssille esitietovaatimuksena on saaristolaivuritutkinnon suorittaminen. Kurssi laajentaa osaamistasi vaativammille vesille ja vaativampiin olosuhteisiin. Kurssi sopii erityisesti sinulle, joka suunnittelet pidempi\u00e4 tai kansainv\u00e4lisi\u00e4 venematkoja. Rannikkolaivurikurssi syvent\u00e4\u00e4 saaristolaivuritason osaamista ja opettaa valmiuksia turvalliseen veneilyyn vaikeimmissa olosuhteissa. Kurssin suorittaneena osaat k\u00e4ytt\u00e4\u00e4 tutumpien navigointimenetelmien lis\u00e4ksi pime\u00e4navigointia ja tuntee vuorovesialueilla veneilyn perusteet. Kurssin p\u00e4\u00e4tteeksi voit suorittaa rannikkomerenkulun tutkinnon.<\/p>\n\n\n\n<p><\/p>\n<\/div>\n\n\n\n<div class=\"wp-block-column is-layout-flow wp-block-column-is-layout-flow\" style=\"flex-basis:50%\">\n<figure class=\"wp-block-image size-large\"><img loading=\"lazy\" decoding=\"async\" width=\"1024\" height=\"576\" src=\"https:\/\/hns.fi\/wp-content\/uploads\/2026\/02\/Rannikko1-1024x576.jpg\" alt=\"\" class=\"wp-image-194\" srcset=\"https:\/\/hns.fi\/wp-content\/uploads\/2026\/02\/Rannikko1-1024x576.jpg 1024w, https:\/\/hns.fi\/wp-content\/uploads\/2026\/02\/Rannikko1-300x169.jpg 300w, https:\/\/hns.fi\/wp-content\/uploads\/2026\/02\/Rannikko1-768x432.jpg 768w, https:\/\/hns.fi\/wp-content\/uploads\/2026\/02\/Rannikko1-1536x864.jpg 1536w, https:\/\/hns.fi\/wp-content\/uploads\/2026\/02\/Rannikko1-2048x1152.jpg 2048w\" sizes=\"auto, (max-width: 1024px) 100vw, 1024px\" \/><\/figure>\n<\/div>\n<\/div>\n\n\n\n<div class=\"wp-block-columns is-layout-flex wp-container-core-columns-is-layout-d840c512 wp-block-columns-is-layout-flex\" style=\"padding-top:var(--wp--preset--spacing--30);padding-right:var(--wp--preset--spacing--20);padding-bottom:var(--wp--preset--spacing--30);padding-left:var(--wp--preset--spacing--20)\">\n<div class=\"wp-block-column is-layout-flow wp-block-column-is-layout-flow\">\n<h2 class=\"wp-block-heading\">Osa A<\/h2>\n\n\n\n<p><strong>Kompassi ja paikanm\u00e4\u00e4ritys sek\u00e4 liikkuminen pime\u00e4ll\u00e4 ja huonossa s\u00e4\u00e4ss\u00e4<\/strong><\/p>\n\n\n\n<ul class=\"wp-block-list\">\n<li>Eksym\u00e4n m\u00e4\u00e4ritys ja kompensointi<\/li>\n\n\n\n<li>GPS-kompassi<\/li>\n\n\n\n<li>Ristisuuntima ja linjojen k\u00e4ytt\u00f6<\/li>\n\n\n\n<li>Eriaikaiset havainnot yhdest\u00e4 kohteesta<\/li>\n\n\n\n<li>Eriaikaiset havainnot kahdesta kohteesta<\/li>\n\n\n\n<li>Luotaus, et\u00e4isyys<\/li>\n\n\n\n<li>Turvalaitteiden valot ja heijastimet<\/li>\n\n\n\n<li>Valaistut turvalaitteet<\/li>\n\n\n\n<li>Loistoluettelo<\/li>\n\n\n\n<li>Alusten valot (Vesiliikennelaki 23-30 \u00a7)<\/li>\n\n\n\n<li>Alusten \u00e4\u00e4nimerkit (Vesiliikennelaki 31-32 \u00a7)<\/li>\n\n\n\n<li>Sumunavigointi<\/li>\n\n\n\n<li>AIS-j\u00e4rjestelm\u00e4<\/li>\n\n\n\n<li>EPIRB-poiju<\/li>\n\n\n\n<li>VTS<\/li>\n<\/ul>\n<\/div>\n\n\n\n<div class=\"wp-block-column is-layout-flow wp-block-column-is-layout-flow\">\n<h2 class=\"wp-block-heading\">Osa B<\/h2>\n\n\n\n<p><strong>Sorto ja virta ja vuorovesi<\/strong><\/p>\n\n\n\n<p><\/p>\n\n\n\n<ul class=\"wp-block-list\">\n<li>Sorto<\/li>\n\n\n\n<li>Virta<\/li>\n\n\n\n<li>Terminologia<\/li>\n\n\n\n<li>Kuun ja auringon yhteisvaikutus, syklisyys<\/li>\n\n\n\n<li>Tasot ja vertailutasot<\/li>\n\n\n\n<li>Kantasatama ja sivusatama<\/li>\n\n\n\n<li>Vuorovesivirran m\u00e4\u00e4ritt\u00e4minen<\/li>\n\n\n\n<li>Vuorovesilaskut<\/li>\n<\/ul>\n<\/div>\n\n\n\n<div class=\"wp-block-column is-layout-flow wp-block-column-is-layout-flow\">\n<h2 class=\"wp-block-heading\">Osa C<\/h2>\n\n\n\n<p><strong>Syvent\u00e4v\u00e4 s\u00e4\u00e4oppi, ulkomaanliikenne ja reittijakoj\u00e4rjestelm\u00e4<\/strong><\/p>\n\n\n\n<ul class=\"wp-block-list\">\n<li>S\u00e4\u00e4j\u00e4rjestelm\u00e4<\/li>\n\n\n\n<li>Tuuli, tuulivy\u00f6hykkeet<\/li>\n\n\n\n<li>Aallokko<\/li>\n\n\n\n<li>Ukkonen<\/li>\n\n\n\n<li>Sumu<\/li>\n\n\n\n<li>Aluevesirajat<\/li>\n\n\n\n<li>Talousvy\u00f6hyke<\/li>\n\n\n\n<li>Schengen<\/li>\n\n\n\n<li>Pohjoismaat<\/li>\n\n\n\n<li>Ven\u00e4j\u00e4<\/li>\n\n\n\n<li>Ahvenanmaa<\/li>\n\n\n\n<li>Saimaan kanava<\/li>\n\n\n\n<li>Tulli<\/li>\n\n\n\n<li>Kv huviveneen kuljettajakirja<\/li>\n\n\n\n<li>Liputus<\/li>\n\n\n\n<li>Reittijakoj\u00e4rjestelm\u00e4<\/li>\n<\/ul>\n<\/div>\n<\/div>\n\n\n\n<p><\/p>\n","protected":false},"excerpt":{"rendered":"<p>Rannikkomerenkulun kurssille esitietovaatimuksena on saaristolaivuritutkinnon suorittaminen. Kurssi laajentaa osaamistasi vaativammille vesille ja vaativampiin olosuhteisiin. Kurssi sopii erityisesti sinulle, joka suunnittelet [&hellip;]<\/p>\n","protected":false},"author":1,"featured_media":0,"parent":0,"menu_order":0,"comment_status":"closed","ping_status":"closed","template":"","meta":{"site-sidebar-layout":"default","site-content-layout":"","ast-site-content-layout":"default","site-content-style":"default","site-sidebar-style":"default","ast-global-header-display":"","ast-banner-title-visibility":"","ast-main-header-display":"","ast-hfb-above-header-display":"","ast-hfb-below-header-display":"","ast-hfb-mobile-header-display":"","site-post-title":"","ast-breadcrumbs-content":"","ast-featured-img":"","footer-sml-layout":"","ast-disable-related-posts":"","theme-transparent-header-meta":"","adv-header-id-meta":"","stick-header-meta":"","header-above-stick-meta":"","header-main-stick-meta":"","header-below-stick-meta":"","astra-migrate-meta-layouts":"default","ast-page-background-enabled":"default","ast-page-background-meta":{"desktop":{"background-color":"var(--ast-global-color-5)","background-image":"","background-repeat":"repeat","background-position":"center center","background-size":"auto","background-attachment":"scroll","background-type":"","background-media":"","overlay-type":"","overlay-color":"","overlay-opacity":"","overlay-gradient":""},"tablet":{"background-color":"","background-image":"","background-repeat":"repeat","background-position":"center center","background-size":"auto","background-attachment":"scroll","background-type":"","background-media":"","overlay-type":"","overlay-color":"","overlay-opacity":"","overlay-gradient":""},"mobile":{"background-color":"","background-image":"","background-repeat":"repeat","background-position":"center center","background-size":"auto","background-attachment":"scroll","background-type":"","background-media":"","overlay-type":"","overlay-color":"","overlay-opacity":"","overlay-gradient":""}},"ast-content-background-meta":{"desktop":{"background-color":"var(--ast-global-color-4)","background-image":"","background-repeat":"repeat","background-position":"center center","background-size":"auto","background-attachment":"scroll","background-type":"","background-media":"","overlay-type":"","overlay-color":"","overlay-opacity":"","overlay-gradient":""},"tablet":{"background-color":"var(--ast-global-color-4)","background-image":"","background-repeat":"repeat","background-position":"center center","background-size":"auto","background-attachment":"scroll","background-type":"","background-media":"","overlay-type":"","overlay-color":"","overlay-opacity":"","overlay-gradient":""},"mobile":{"background-color":"var(--ast-global-color-4)","background-image":"","background-repeat":"repeat","background-position":"center center","background-size":"auto","background-attachment":"scroll","background-type":"","background-media":"","overlay-type":"","overlay-color":"","overlay-opacity":"","overlay-gradient":""}},"footnotes":""},"class_list":["post-131","page","type-page","status-publish","hentry"],"_links":{"self":[{"href":"https:\/\/hns.fi\/index.php?rest_route=\/wp\/v2\/pages\/131","targetHints":{"allow":["GET"]}}],"collection":[{"href":"https:\/\/hns.fi\/index.php?rest_route=\/wp\/v2\/pages"}],"about":[{"href":"https:\/\/hns.fi\/index.php?rest_route=\/wp\/v2\/types\/page"}],"author":[{"embeddable":true,"href":"https:\/\/hns.fi\/index.php?rest_route=\/wp\/v2\/users\/1"}],"replies":[{"embeddable":true,"href":"https:\/\/hns.fi\/index.php?rest_route=%2Fwp%2Fv2%2Fcomments&post=131"}],"version-history":[{"count":1,"href":"https:\/\/hns.fi\/index.php?rest_route=\/wp\/v2\/pages\/131\/revisions"}],"predecessor-version":[{"id":195,"href":"https:\/\/hns.fi\/index.php?rest_route=\/wp\/v2\/pages\/131\/revisions\/195"}],"wp:attachment":[{"href":"https:\/\/hns.fi\/index.php?rest_route=%2Fwp%2Fv2%2Fmedia&parent=131"}],"curies":[{"name":"wp","href":"https:\/\/api.w.org\/{rel}","templated":true}]}}