{"id":129,"date":"2026-02-07T13:46:48","date_gmt":"2026-02-07T13:46:48","guid":{"rendered":"https:\/\/hns.fi\/?page_id=129"},"modified":"2026-02-09T18:10:33","modified_gmt":"2026-02-09T18:10:33","slug":"saaristo","status":"publish","type":"page","link":"https:\/\/hns.fi\/?page_id=129","title":{"rendered":"Saaristolaivuri"},"content":{"rendered":"\n<div class=\"wp-block-columns is-layout-flex wp-container-core-columns-is-layout-28f84493 wp-block-columns-is-layout-flex\">\n<div class=\"wp-block-column is-layout-flow wp-block-column-is-layout-flow\" style=\"flex-basis:50%\">\n<figure class=\"wp-block-image size-large is-resized\"><img loading=\"lazy\" decoding=\"async\" width=\"1024\" height=\"576\" src=\"https:\/\/hns.fi\/wp-content\/uploads\/2026\/02\/saaristo-1024x576.jpg\" alt=\"\" class=\"wp-image-177\" style=\"width:524px;height:auto\" srcset=\"https:\/\/hns.fi\/wp-content\/uploads\/2026\/02\/saaristo-1024x576.jpg 1024w, https:\/\/hns.fi\/wp-content\/uploads\/2026\/02\/saaristo-300x169.jpg 300w, https:\/\/hns.fi\/wp-content\/uploads\/2026\/02\/saaristo-768x432.jpg 768w, https:\/\/hns.fi\/wp-content\/uploads\/2026\/02\/saaristo-1536x864.jpg 1536w, https:\/\/hns.fi\/wp-content\/uploads\/2026\/02\/saaristo.jpg 1920w\" sizes=\"auto, (max-width: 1024px) 100vw, 1024px\" \/><\/figure>\n<\/div>\n\n\n\n<div class=\"wp-block-column is-layout-flow wp-block-column-is-layout-flow\" style=\"flex-basis:50%\">\n<p>Saaristomerenkulunkurssi antaa valmiuksia veneill\u00e4 saaristossa ja opettaa turvallista vesill\u00e4 liikkumista valoisaan aikaan hyviss\u00e4 s\u00e4\u00e4olosuhteissa. Aiempaa veneilykokemusta kurssilla ei tarvita. <\/p>\n\n\n\n<p> Kurssi opettaa merikartan k\u00e4ytt\u00f6\u00e4, reittien suunnittelua, navigointilaskuja, merimerkkej\u00e4 sek\u00e4 opettaa vesiliikenteen s\u00e4\u00e4d\u00f6kset. Kurssi t\u00e4ht\u00e4\u00e4 saaristolaivuritutkinnon suorittamiseen.<\/p>\n<\/div>\n<\/div>\n\n\n\n<div class=\"wp-block-columns is-layout-flex wp-container-core-columns-is-layout-6962f912 wp-block-columns-is-layout-flex\" style=\"margin-top:0;margin-bottom:0;padding-top:0;padding-right:0;padding-bottom:0;padding-left:0\">\n<div class=\"wp-block-column is-layout-flow wp-block-column-is-layout-flow\" style=\"flex-basis:33.34%\">\n<h2 class=\"wp-block-heading\">Osa A<\/h2>\n\n\n\n<h4 class=\"wp-block-heading\">Kartta ja kompassi<\/h4>\n\n\n\n<ul class=\"wp-block-list\">\n<li>Asteverkko<\/li>\n\n\n\n<li>Suunta, suuntima, keulakulma<\/li>\n\n\n\n<li>Koordinaatit<\/li>\n\n\n\n<li>Merikartan karttamerkit<\/li>\n\n\n\n<li>S\u00e4hk\u00f6iset kartat<\/li>\n\n\n\n<li>Karttaty\u00f6skentely<\/li>\n\n\n\n<li>Eksym\u00e4 ja eranto<\/li>\n\n\n\n<li>Eksym\u00e4 ja suuntalaskut<\/li>\n\n\n\n<li>Turvalaitteet<\/li>\n\n\n\n<li>Vesiliikennemerkit<\/li>\n\n\n\n<li>Viitoitusj\u00e4rjestelm\u00e4, v\u00e4rit ja tarkoitus<\/li>\n\n\n\n<li>Kelluvat turvalaitteet<\/li>\n\n\n\n<li>Kummelit<\/li>\n\n\n\n<li>Linjamerkit<\/li>\n\n\n\n<li>P\u00e4iv\u00e4ll\u00e4 n\u00e4kyv\u00e4t kohteet<\/li>\n\n\n\n<li>Liikennevalot<\/li>\n<\/ul>\n<\/div>\n\n\n\n<div class=\"wp-block-column is-layout-flow wp-block-column-is-layout-flow\" style=\"flex-basis:33.34%\">\n<h2 class=\"wp-block-heading\">Osa B<\/h2>\n\n\n\n<h4 class=\"wp-block-heading\">Reittisuunnittelu ja vesill\u00e4 liikkuminen<\/h4>\n\n\n\n<ul class=\"wp-block-list\">\n<li>S\u00e4\u00e4opin perusteet<\/li>\n\n\n\n<li>Olosuhteiden huomioon ottaminen<\/li>\n\n\n\n<li>V\u00e4yl\u00e4t, syv\u00e4ys, korkeus<\/li>\n\n\n\n<li>Matka-nopeus-aika-laskut<\/li>\n\n\n\n<li>Linjat ja turvarajat<\/li>\n\n\n\n<li>GPS, plotteri<\/li>\n\n\n\n<li>Kaikuluotain<\/li>\n\n\n\n<li>Turvalaitteiden n\u00e4kyminen<\/li>\n\n\n\n<li>V\u00e4ylien ulkopuolella liikkuminen<\/li>\n\n\n\n<li>Reittisuunnitelman laatiminen<\/li>\n<\/ul>\n<\/div>\n\n\n\n<div class=\"wp-block-column is-layout-flow wp-block-column-is-layout-flow\" style=\"flex-basis:33.33%\">\n<h2 class=\"wp-block-heading\">Osa C<\/h2>\n\n\n\n<h4 class=\"wp-block-heading\">Vesiteiden s\u00e4\u00e4nn\u00f6t<\/h4>\n\n\n\n<ul class=\"wp-block-list\">\n<li>P\u00e4\u00e4llik\u00f6n vastuu<\/li>\n\n\n\n<li>Hyv\u00e4 merimiestapa<\/li>\n\n\n\n<li>T\u00e4rkeimm\u00e4t m\u00e4\u00e4ritelm\u00e4t<\/li>\n\n\n\n<li>V\u00e4ist\u00e4miss\u00e4\u00e4nn\u00f6t<\/li>\n\n\n\n<li>Alusten p\u00e4iv\u00e4merkit<\/li>\n\n\n\n<li>\u00c4\u00e4nimerkit<\/li>\n\n\n\n<li>Vesiliikennelaki (ei 23-32 \u00a7)<\/li>\n\n\n\n<li>Muu lains\u00e4\u00e4d\u00e4nt\u00f6 (oppikirjassa)<\/li>\n\n\n\n<li>H\u00e4t\u00e4merkit ja h\u00e4t\u00e4tilanteet<\/li>\n\n\n\n<li>Rekister\u00f6inti<\/li>\n\n\n\n<li>Varusteet<\/li>\n\n\n\n<li>Alkoholi<\/li>\n\n\n\n<li>Luonto ja veneily (sis.&nbsp;merenkulun ymp\u00e4rist\u00f6suojelulain)<\/li>\n<\/ul>\n<\/div>\n<\/div>\n\n\n\n<p><\/p>\n","protected":false},"excerpt":{"rendered":"<p>Saaristomerenkulunkurssi antaa valmiuksia veneill\u00e4 saaristossa ja opettaa turvallista vesill\u00e4 liikkumista valoisaan aikaan hyviss\u00e4 s\u00e4\u00e4olosuhteissa. Aiempaa veneilykokemusta kurssilla ei tarvita. Kurssi [&hellip;]<\/p>\n","protected":false},"author":1,"featured_media":0,"parent":0,"menu_order":0,"comment_status":"closed","ping_status":"closed","template":"","meta":{"site-sidebar-layout":"default","site-content-layout":"","ast-site-content-layout":"default","site-content-style":"default","site-sidebar-style":"default","ast-global-header-display":"","ast-banner-title-visibility":"","ast-main-header-display":"","ast-hfb-above-header-display":"","ast-hfb-below-header-display":"","ast-hfb-mobile-header-display":"","site-post-title":"","ast-breadcrumbs-content":"","ast-featured-img":"","footer-sml-layout":"","ast-disable-related-posts":"","theme-transparent-header-meta":"","adv-header-id-meta":"","stick-header-meta":"","header-above-stick-meta":"","header-main-stick-meta":"","header-below-stick-meta":"","astra-migrate-meta-layouts":"default","ast-page-background-enabled":"default","ast-page-background-meta":{"desktop":{"background-color":"var(--ast-global-color-5)","background-image":"","background-repeat":"repeat","background-position":"center center","background-size":"auto","background-attachment":"scroll","background-type":"","background-media":"","overlay-type":"","overlay-color":"","overlay-opacity":"","overlay-gradient":""},"tablet":{"background-color":"","background-image":"","background-repeat":"repeat","background-position":"center center","background-size":"auto","background-attachment":"scroll","background-type":"","background-media":"","overlay-type":"","overlay-color":"","overlay-opacity":"","overlay-gradient":""},"mobile":{"background-color":"","background-image":"","background-repeat":"repeat","background-position":"center center","background-size":"auto","background-attachment":"scroll","background-type":"","background-media":"","overlay-type":"","overlay-color":"","overlay-opacity":"","overlay-gradient":""}},"ast-content-background-meta":{"desktop":{"background-color":"var(--ast-global-color-4)","background-image":"","background-repeat":"repeat","background-position":"center center","background-size":"auto","background-attachment":"scroll","background-type":"","background-media":"","overlay-type":"","overlay-color":"","overlay-opacity":"","overlay-gradient":""},"tablet":{"background-color":"var(--ast-global-color-4)","background-image":"","background-repeat":"repeat","background-position":"center center","background-size":"auto","background-attachment":"scroll","background-type":"","background-media":"","overlay-type":"","overlay-color":"","overlay-opacity":"","overlay-gradient":""},"mobile":{"background-color":"var(--ast-global-color-4)","background-image":"","background-repeat":"repeat","background-position":"center center","background-size":"auto","background-attachment":"scroll","background-type":"","background-media":"","overlay-type":"","overlay-color":"","overlay-opacity":"","overlay-gradient":""}},"footnotes":""},"class_list":["post-129","page","type-page","status-publish","hentry"],"_links":{"self":[{"href":"https:\/\/hns.fi\/index.php?rest_route=\/wp\/v2\/pages\/129","targetHints":{"allow":["GET"]}}],"collection":[{"href":"https:\/\/hns.fi\/index.php?rest_route=\/wp\/v2\/pages"}],"about":[{"href":"https:\/\/hns.fi\/index.php?rest_route=\/wp\/v2\/types\/page"}],"author":[{"embeddable":true,"href":"https:\/\/hns.fi\/index.php?rest_route=\/wp\/v2\/users\/1"}],"replies":[{"embeddable":true,"href":"https:\/\/hns.fi\/index.php?rest_route=%2Fwp%2Fv2%2Fcomments&post=129"}],"version-history":[{"count":1,"href":"https:\/\/hns.fi\/index.php?rest_route=\/wp\/v2\/pages\/129\/revisions"}],"predecessor-version":[{"id":191,"href":"https:\/\/hns.fi\/index.php?rest_route=\/wp\/v2\/pages\/129\/revisions\/191"}],"wp:attachment":[{"href":"https:\/\/hns.fi\/index.php?rest_route=%2Fwp%2Fv2%2Fmedia&parent=129"}],"curies":[{"name":"wp","href":"https:\/\/api.w.org\/{rel}","templated":true}]}}